{"id":613,"date":"2024-09-10T20:24:16","date_gmt":"2024-09-10T17:24:16","guid":{"rendered":"https:\/\/kyodoelectronic.com\/index.php\/lazer-teknolojisi\/lazer-hedefleme-urunleri\/lzp-1-lazer-sifirlama-noktalayicisi\/"},"modified":"2024-09-10T20:32:59","modified_gmt":"2024-09-10T17:32:59","slug":"lzp-1-lazer-sifirlama-noktalayicisi","status":"publish","type":"page","link":"https:\/\/kyodoelectronic.com\/index.php\/lazer-teknolojisi\/lazer-hedefleme-urunleri\/lzp-1-lazer-sifirlama-noktalayicisi\/","title":{"rendered":"LZP-1 Lazer S\u0131f\u0131rlama Noktalay\u0131c\u0131s\u0131"},"content":{"rendered":"\n<figure class=\"wp-block-gallery has-nested-images columns-default is-cropped wp-block-gallery-1 is-layout-flex wp-block-gallery-is-layout-flex\">\n<figure class=\"wp-block-image size-large\"><img loading=\"lazy\" decoding=\"async\" width=\"1024\" height=\"362\" data-id=\"623\" src=\"https:\/\/kyodoelectronic.com\/wp-content\/uploads\/2024\/09\/LZP-1-1024x362.png\" alt=\"\" class=\"wp-image-623\" srcset=\"https:\/\/kyodoelectronic.com\/wp-content\/uploads\/2024\/09\/LZP-1-1024x362.png 1024w, https:\/\/kyodoelectronic.com\/wp-content\/uploads\/2024\/09\/LZP-1-300x106.png 300w, https:\/\/kyodoelectronic.com\/wp-content\/uploads\/2024\/09\/LZP-1-768x272.png 768w, https:\/\/kyodoelectronic.com\/wp-content\/uploads\/2024\/09\/LZP-1-990x350.png 990w, https:\/\/kyodoelectronic.com\/wp-content\/uploads\/2024\/09\/LZP-1.png 1201w\" sizes=\"auto, (max-width: 1024px) 100vw, 1024px\" \/><\/figure>\n<\/figure>\n\n\n\n<p>LZP-1, farkl\u0131 namlu \u00e7aplar\u0131na uyarlanabilen, s\u0131f\u0131rlama s\u00fcresini ve maliyetini minimize etmeye yarayan bir lazer s\u0131f\u0131rlama noktalay\u0131c\u0131s\u0131d\u0131r<\/p>\n\n\n\n<ul class=\"wp-block-list\">\n<li>Askeri standartlarda g\u00fc\u00e7l\u00fc ve dayan\u0131kl\u0131 g\u00f6vde<\/li>\n\n\n\n<li>Bir adet standart &#8220;AA \u201cpili ile \u00e7al\u0131\u015fma<\/li>\n\n\n\n<li>Farkl\u0131 tiplerde silahlarla kullan\u0131labilirlik<\/li>\n<\/ul>\n","protected":false},"excerpt":{"rendered":"<p>LZP-1, farkl\u0131 namlu \u00e7aplar\u0131na uyarlanabilen, s\u0131f\u0131rlama s\u00fcresini ve maliyetini minimize etmeye yarayan bir lazer s\u0131f\u0131rlama noktalay\u0131c\u0131s\u0131d\u0131r<\/p>\n","protected":false},"author":1,"featured_media":0,"parent":594,"menu_order":4,"comment_status":"closed","ping_status":"closed","template":"","meta":{"footnotes":""},"class_list":["post-613","page","type-page","status-publish","hentry"],"_links":{"self":[{"href":"https:\/\/kyodoelectronic.com\/index.php\/wp-json\/wp\/v2\/pages\/613","targetHints":{"allow":["GET"]}}],"collection":[{"href":"https:\/\/kyodoelectronic.com\/index.php\/wp-json\/wp\/v2\/pages"}],"about":[{"href":"https:\/\/kyodoelectronic.com\/index.php\/wp-json\/wp\/v2\/types\/page"}],"author":[{"embeddable":true,"href":"https:\/\/kyodoelectronic.com\/index.php\/wp-json\/wp\/v2\/users\/1"}],"replies":[{"embeddable":true,"href":"https:\/\/kyodoelectronic.com\/index.php\/wp-json\/wp\/v2\/comments?post=613"}],"version-history":[{"count":2,"href":"https:\/\/kyodoelectronic.com\/index.php\/wp-json\/wp\/v2\/pages\/613\/revisions"}],"predecessor-version":[{"id":624,"href":"https:\/\/kyodoelectronic.com\/index.php\/wp-json\/wp\/v2\/pages\/613\/revisions\/624"}],"up":[{"embeddable":true,"href":"https:\/\/kyodoelectronic.com\/index.php\/wp-json\/wp\/v2\/pages\/594"}],"wp:attachment":[{"href":"https:\/\/kyodoelectronic.com\/index.php\/wp-json\/wp\/v2\/media?parent=613"}],"curies":[{"name":"wp","href":"https:\/\/api.w.org\/{rel}","templated":true}]}}