{"id":606,"date":"2024-09-10T20:20:23","date_gmt":"2024-09-10T17:20:23","guid":{"rendered":"https:\/\/kyodoelectronic.com\/index.php\/lazer-teknolojisi\/lazer-hedefleme-urunleri\/mpl-cok-amacli-lazer-isaretleyici\/"},"modified":"2024-09-10T20:28:52","modified_gmt":"2024-09-10T17:28:52","slug":"mpl-cok-amacli-lazer-isaretleyici","status":"publish","type":"page","link":"https:\/\/kyodoelectronic.com\/index.php\/lazer-teknolojisi\/lazer-hedefleme-urunleri\/mpl-cok-amacli-lazer-isaretleyici\/","title":{"rendered":"MPL \u00c7ok Ama\u00e7l\u0131 Lazer \u0130\u015faretleyici"},"content":{"rendered":"\n<figure class=\"wp-block-gallery has-nested-images columns-default is-cropped wp-block-gallery-1 is-layout-flex wp-block-gallery-is-layout-flex\">\n<figure class=\"wp-block-image size-large\"><img loading=\"lazy\" decoding=\"async\" width=\"1024\" height=\"362\" data-id=\"621\" src=\"https:\/\/kyodoelectronic.com\/wp-content\/uploads\/2024\/09\/MPL-1024x362.png\" alt=\"\" class=\"wp-image-621\" srcset=\"https:\/\/kyodoelectronic.com\/wp-content\/uploads\/2024\/09\/MPL-1024x362.png 1024w, https:\/\/kyodoelectronic.com\/wp-content\/uploads\/2024\/09\/MPL-300x106.png 300w, https:\/\/kyodoelectronic.com\/wp-content\/uploads\/2024\/09\/MPL-768x272.png 768w, https:\/\/kyodoelectronic.com\/wp-content\/uploads\/2024\/09\/MPL-990x350.png 990w, https:\/\/kyodoelectronic.com\/wp-content\/uploads\/2024\/09\/MPL.png 1201w\" sizes=\"auto, (max-width: 1024px) 100vw, 1024px\" \/><\/figure>\n<\/figure>\n\n\n\n<p>MPL-200 Lazer \u0130\u015faretleyici, y\u00fcksek g\u00fc\u00e7l\u00fc IR lazeri sayesinde uzak mesafedeki hedefleri i\u015faretlemeye yarayan, elde veya silah \u00fcst\u00fcnde kullan\u0131ma imkan verecek \u015fekilde tasarlanm\u0131\u015f bir hedef i\u015faretleyicidir.&nbsp;<\/p>\n\n\n\n<ul class=\"wp-block-list\">\n<li>Askeri standartlarda, g\u00fc\u00e7l\u00fc ve dayan\u0131kl\u0131 g\u00f6vde<\/li>\n\n\n\n<li>IR i\u015faretleme imkan\u0131<\/li>\n\n\n\n<li>Gece g\u00f6r\u00fc\u015f d\u00fcrb\u00fcnleri \/ g\u00f6zl\u00fckleri ile uyumlu<\/li>\n\n\n\n<li>Elde kullan\u0131labilir<\/li>\n\n\n\n<li>Farkl\u0131 tip silahlarda kullan\u0131labilirlik<\/li>\n\n\n\n<li>Lazeri yatay ve dikey d\u00fczlemlerde ayarlama imkan\u0131<\/li>\n<\/ul>\n","protected":false},"excerpt":{"rendered":"<p>MPL-200 Lazer \u0130\u015faretleyici, y\u00fcksek g\u00fc\u00e7l\u00fc IR lazeri sayesinde uzak mesafedeki hedefleri i\u015faretlemeye yarayan, elde veya silah \u00fcst\u00fcnde kullan\u0131ma imkan verecek &hellip; <a href=\"https:\/\/kyodoelectronic.com\/index.php\/lazer-teknolojisi\/lazer-hedefleme-urunleri\/mpl-cok-amacli-lazer-isaretleyici\/\" class=\"more-link\"><span class=\"more-button\">Continue Reading<span class=\"screen-reader-text\">MPL \u00c7ok Ama\u00e7l\u0131 Lazer \u0130\u015faretleyici<\/span><\/span><\/a><\/p>\n","protected":false},"author":1,"featured_media":0,"parent":594,"menu_order":3,"comment_status":"closed","ping_status":"closed","template":"","meta":{"footnotes":""},"class_list":["post-606","page","type-page","status-publish","hentry"],"_links":{"self":[{"href":"https:\/\/kyodoelectronic.com\/index.php\/wp-json\/wp\/v2\/pages\/606","targetHints":{"allow":["GET"]}}],"collection":[{"href":"https:\/\/kyodoelectronic.com\/index.php\/wp-json\/wp\/v2\/pages"}],"about":[{"href":"https:\/\/kyodoelectronic.com\/index.php\/wp-json\/wp\/v2\/types\/page"}],"author":[{"embeddable":true,"href":"https:\/\/kyodoelectronic.com\/index.php\/wp-json\/wp\/v2\/users\/1"}],"replies":[{"embeddable":true,"href":"https:\/\/kyodoelectronic.com\/index.php\/wp-json\/wp\/v2\/comments?post=606"}],"version-history":[{"count":1,"href":"https:\/\/kyodoelectronic.com\/index.php\/wp-json\/wp\/v2\/pages\/606\/revisions"}],"predecessor-version":[{"id":622,"href":"https:\/\/kyodoelectronic.com\/index.php\/wp-json\/wp\/v2\/pages\/606\/revisions\/622"}],"up":[{"embeddable":true,"href":"https:\/\/kyodoelectronic.com\/index.php\/wp-json\/wp\/v2\/pages\/594"}],"wp:attachment":[{"href":"https:\/\/kyodoelectronic.com\/index.php\/wp-json\/wp\/v2\/media?parent=606"}],"curies":[{"name":"wp","href":"https:\/\/api.w.org\/{rel}","templated":true}]}}