{"id":605,"date":"2024-09-10T20:20:23","date_gmt":"2024-09-10T17:20:23","guid":{"rendered":"https:\/\/kyodoelectronic.com\/index.php\/lazer-teknolojisi\/lazer-hedefleme-urunleri\/mcad-2-lazer-isaretleyici\/"},"modified":"2024-09-10T20:28:27","modified_gmt":"2024-09-10T17:28:27","slug":"mcad-2-lazer-isaretleyici","status":"publish","type":"page","link":"https:\/\/kyodoelectronic.com\/index.php\/lazer-teknolojisi\/lazer-hedefleme-urunleri\/mcad-2-lazer-isaretleyici\/","title":{"rendered":"MCAD-2 Lazer \u0130\u015faretleyici"},"content":{"rendered":"\n<figure class=\"wp-block-gallery has-nested-images columns-default is-cropped wp-block-gallery-1 is-layout-flex wp-block-gallery-is-layout-flex\">\n<figure class=\"wp-block-image size-large\"><img loading=\"lazy\" decoding=\"async\" width=\"1024\" height=\"362\" data-id=\"619\" src=\"https:\/\/kyodoelectronic.com\/wp-content\/uploads\/2024\/09\/MCAD2-1024x362.png\" alt=\"\" class=\"wp-image-619\" srcset=\"https:\/\/kyodoelectronic.com\/wp-content\/uploads\/2024\/09\/MCAD2-1024x362.png 1024w, https:\/\/kyodoelectronic.com\/wp-content\/uploads\/2024\/09\/MCAD2-300x106.png 300w, https:\/\/kyodoelectronic.com\/wp-content\/uploads\/2024\/09\/MCAD2-768x272.png 768w, https:\/\/kyodoelectronic.com\/wp-content\/uploads\/2024\/09\/MCAD2-990x350.png 990w, https:\/\/kyodoelectronic.com\/wp-content\/uploads\/2024\/09\/MCAD2.png 1201w\" sizes=\"auto, (max-width: 1024px) 100vw, 1024px\" \/><\/figure>\n<\/figure>\n\n\n\n<p>MCAD-2 d\u00fc\u015f\u00fck ve y\u00fcksek g\u00fc\u00e7 se\u00e7enekleri ile g\u00f6r\u00fcn\u00fcr lazer, k\u0131z\u0131l\u00f6tesi lazer ve k\u0131z\u0131l\u00f6tesi ayd\u0131nlatma i\u00e7eren \u00e7ok kanall\u0131 i\u015faretleme cihaz\u0131d\u0131r. Mod se\u00e7im d\u00fc\u011fmesi ile y\u00fcksek ve d\u00fc\u015f\u00fck lazer i\u015faretleyici modlar\u0131 aras\u0131 ge\u00e7i\u015f yap\u0131labilir.<\/p>\n\n\n\n<p>Tek ayar tareti ile (y\u00fckseklik &amp; sa\u011f-sol) 3 lazer kayna\u011f\u0131 senkronize olarak ayarla\u00acnabilir. Arkas\u0131nda yak\u0131nla\u015ft\u0131rma\/uzakla\u015ft\u0131rma butonu mevcuttur. TV\/MCAD-2 bu \u00f6zelli\u011fe sahip tek \u00fcr\u00fcnd\u00fcr.&nbsp;<\/p>\n","protected":false},"excerpt":{"rendered":"<p>MCAD-2 d\u00fc\u015f\u00fck ve y\u00fcksek g\u00fc\u00e7 se\u00e7enekleri ile g\u00f6r\u00fcn\u00fcr lazer, k\u0131z\u0131l\u00f6tesi lazer ve k\u0131z\u0131l\u00f6tesi ayd\u0131nlatma i\u00e7eren \u00e7ok kanall\u0131 i\u015faretleme cihaz\u0131d\u0131r. Mod &hellip; <a href=\"https:\/\/kyodoelectronic.com\/index.php\/lazer-teknolojisi\/lazer-hedefleme-urunleri\/mcad-2-lazer-isaretleyici\/\" class=\"more-link\"><span class=\"more-button\">Continue Reading<span class=\"screen-reader-text\">MCAD-2 Lazer \u0130\u015faretleyici<\/span><\/span><\/a><\/p>\n","protected":false},"author":1,"featured_media":0,"parent":594,"menu_order":2,"comment_status":"closed","ping_status":"closed","template":"","meta":{"footnotes":""},"class_list":["post-605","page","type-page","status-publish","hentry"],"_links":{"self":[{"href":"https:\/\/kyodoelectronic.com\/index.php\/wp-json\/wp\/v2\/pages\/605","targetHints":{"allow":["GET"]}}],"collection":[{"href":"https:\/\/kyodoelectronic.com\/index.php\/wp-json\/wp\/v2\/pages"}],"about":[{"href":"https:\/\/kyodoelectronic.com\/index.php\/wp-json\/wp\/v2\/types\/page"}],"author":[{"embeddable":true,"href":"https:\/\/kyodoelectronic.com\/index.php\/wp-json\/wp\/v2\/users\/1"}],"replies":[{"embeddable":true,"href":"https:\/\/kyodoelectronic.com\/index.php\/wp-json\/wp\/v2\/comments?post=605"}],"version-history":[{"count":1,"href":"https:\/\/kyodoelectronic.com\/index.php\/wp-json\/wp\/v2\/pages\/605\/revisions"}],"predecessor-version":[{"id":620,"href":"https:\/\/kyodoelectronic.com\/index.php\/wp-json\/wp\/v2\/pages\/605\/revisions\/620"}],"up":[{"embeddable":true,"href":"https:\/\/kyodoelectronic.com\/index.php\/wp-json\/wp\/v2\/pages\/594"}],"wp:attachment":[{"href":"https:\/\/kyodoelectronic.com\/index.php\/wp-json\/wp\/v2\/media?parent=605"}],"curies":[{"name":"wp","href":"https:\/\/api.w.org\/{rel}","templated":true}]}}