{"id":595,"date":"2024-09-10T20:12:12","date_gmt":"2024-09-10T17:12:12","guid":{"rendered":"https:\/\/kyodoelectronic.com\/index.php\/lazer-teknolojisi\/lazer-mesafe-olcer\/lrf-2500-3500-lazer-mesafe-olcer\/"},"modified":"2024-09-10T20:15:33","modified_gmt":"2024-09-10T17:15:33","slug":"lrf-2500-3500-lazer-mesafe-olcer","status":"publish","type":"page","link":"https:\/\/kyodoelectronic.com\/index.php\/lazer-teknolojisi\/lazer-mesafe-olcer\/lrf-2500-3500-lazer-mesafe-olcer\/","title":{"rendered":"LRF 2500-3500 Lazer Mesafe \u00d6l\u00e7er"},"content":{"rendered":"\n<figure class=\"wp-block-gallery has-nested-images columns-default is-cropped wp-block-gallery-1 is-layout-flex wp-block-gallery-is-layout-flex\">\n<figure class=\"wp-block-image size-large\"><img loading=\"lazy\" decoding=\"async\" width=\"1024\" height=\"362\" data-id=\"596\" src=\"https:\/\/kyodoelectronic.com\/wp-content\/uploads\/2024\/09\/LRF-1024x362.png\" alt=\"\" class=\"wp-image-596\" srcset=\"https:\/\/kyodoelectronic.com\/wp-content\/uploads\/2024\/09\/LRF-1024x362.png 1024w, https:\/\/kyodoelectronic.com\/wp-content\/uploads\/2024\/09\/LRF-300x106.png 300w, https:\/\/kyodoelectronic.com\/wp-content\/uploads\/2024\/09\/LRF-768x272.png 768w, https:\/\/kyodoelectronic.com\/wp-content\/uploads\/2024\/09\/LRF-990x350.png 990w, https:\/\/kyodoelectronic.com\/wp-content\/uploads\/2024\/09\/LRF.png 1201w\" sizes=\"auto, (max-width: 1024px) 100vw, 1024px\" \/><\/figure>\n<\/figure>\n\n\n\n<p>LRF 2500-3500 Lazer Mesafe \u00d6l\u00e7er, silahl\u0131 kuvvetler, emniyet g\u00fc\u00e7leri ve \u00f6zel kuvvetlerin ihtiya\u00e7lar\u0131na kar\u015f\u0131l\u0131k vermek i\u00e7in tasarlanan hafif ve g\u00fc\u00e7l\u00fc, kullan\u0131m\u0131 kolay lazerle mesafe \u00f6l\u00e7en bir \u00fcr\u00fcnd\u00fcr. Hafifli\u011fi ve tek el ile kolayl\u0131kla kullan\u0131labilmektedir. Mekanik olarak gece g\u00f6r\u00fc\u015f d\u00fcrb\u00fcnlerine kolayl\u0131kla ba\u011flanabilmektedir.<\/p>\n\n\n\n<ul class=\"wp-block-list\">\n<li>\u2022 Lazer s\u0131n\u0131f 1 ve eye safe tir.<\/li>\n\n\n\n<li>\u2022 Tek el ile kullan\u0131labilmektedir.<\/li>\n\n\n\n<li>\u2022 6\u00b0 G\u00f6r\u00fc\u015f A\u00e7\u0131s\u0131<\/li>\n\n\n\n<li>\u2022 6X b\u00fcy\u00fctme<\/li>\n\n\n\n<li>\u2022 GPS, e\u011fim \u00f6l\u00e7er ve manyetik pusulas\u0131 mevcuttur.<\/li>\n\n\n\n<li>\u2022 Metre, Yard ve feet \u00f6l\u00e7\u00fcmleri<\/li>\n\n\n\n<li>\u2022 Dikey ve yatay mesafe, hedef istikamet ve y\u00fckseklik a\u00e7\u0131s\u0131 tespiti.<\/li>\n\n\n\n<li>\u2022 \u0130ki hedef aras\u0131 yatay mesafe \u00f6l\u00e7\u00fcm\u00fc<\/li>\n\n\n\n<li>\u2022 Bulundu\u011fu koordinatlar\u0131 ve hedef koordinatlar\u0131n\u0131 tespit<\/li>\n\n\n\n<li>etmektedir.<\/li>\n\n\n\n<li>\u2022 Bluetooth \u00f6zelli\u011fi mevcuttur.<\/li>\n<\/ul>\n","protected":false},"excerpt":{"rendered":"<p>LRF 2500-3500 Lazer Mesafe \u00d6l\u00e7er, silahl\u0131 kuvvetler, emniyet g\u00fc\u00e7leri ve \u00f6zel kuvvetlerin ihtiya\u00e7lar\u0131na kar\u015f\u0131l\u0131k vermek i\u00e7in tasarlanan hafif ve g\u00fc\u00e7l\u00fc, &hellip; <a href=\"https:\/\/kyodoelectronic.com\/index.php\/lazer-teknolojisi\/lazer-mesafe-olcer\/lrf-2500-3500-lazer-mesafe-olcer\/\" class=\"more-link\"><span class=\"more-button\">Continue Reading<span class=\"screen-reader-text\">LRF 2500-3500 Lazer Mesafe \u00d6l\u00e7er<\/span><\/span><\/a><\/p>\n","protected":false},"author":1,"featured_media":0,"parent":593,"menu_order":1,"comment_status":"closed","ping_status":"closed","template":"","meta":{"footnotes":""},"class_list":["post-595","page","type-page","status-publish","hentry"],"_links":{"self":[{"href":"https:\/\/kyodoelectronic.com\/index.php\/wp-json\/wp\/v2\/pages\/595","targetHints":{"allow":["GET"]}}],"collection":[{"href":"https:\/\/kyodoelectronic.com\/index.php\/wp-json\/wp\/v2\/pages"}],"about":[{"href":"https:\/\/kyodoelectronic.com\/index.php\/wp-json\/wp\/v2\/types\/page"}],"author":[{"embeddable":true,"href":"https:\/\/kyodoelectronic.com\/index.php\/wp-json\/wp\/v2\/users\/1"}],"replies":[{"embeddable":true,"href":"https:\/\/kyodoelectronic.com\/index.php\/wp-json\/wp\/v2\/comments?post=595"}],"version-history":[{"count":1,"href":"https:\/\/kyodoelectronic.com\/index.php\/wp-json\/wp\/v2\/pages\/595\/revisions"}],"predecessor-version":[{"id":597,"href":"https:\/\/kyodoelectronic.com\/index.php\/wp-json\/wp\/v2\/pages\/595\/revisions\/597"}],"up":[{"embeddable":true,"href":"https:\/\/kyodoelectronic.com\/index.php\/wp-json\/wp\/v2\/pages\/593"}],"wp:attachment":[{"href":"https:\/\/kyodoelectronic.com\/index.php\/wp-json\/wp\/v2\/media?parent=595"}],"curies":[{"name":"wp","href":"https:\/\/api.w.org\/{rel}","templated":true}]}}