{"id":560,"date":"2024-09-10T19:23:51","date_gmt":"2024-09-10T16:23:51","guid":{"rendered":"https:\/\/kyodoelectronic.com\/index.php\/sinir-guvenligi\/sinir-guvenlik-sistemleri\/grizu-magara-bunker-kapali-mekan-ici-kesif-gozetleme-ve-imha-sistemi\/"},"modified":"2024-09-10T19:39:37","modified_gmt":"2024-09-10T16:39:37","slug":"grizu-magara-bunker-kapali-mekan-ici-kesif-gozetleme-ve-imha-sistemi","status":"publish","type":"page","link":"https:\/\/kyodoelectronic.com\/index.php\/sinir-guvenligi\/sinir-guvenlik-sistemleri\/grizu-magara-bunker-kapali-mekan-ici-kesif-gozetleme-ve-imha-sistemi\/","title":{"rendered":"GRIZU Ma\u011fara, Bunker, Kapal\u0131 Mekan \u0130\u00e7i Ke\u015fif G\u00f6zetleme Ve \u0130mha Sistemi"},"content":{"rendered":"\n<figure class=\"wp-block-gallery has-nested-images columns-default is-cropped wp-block-gallery-1 is-layout-flex wp-block-gallery-is-layout-flex\">\n<figure class=\"wp-block-image size-large\"><img loading=\"lazy\" decoding=\"async\" width=\"1024\" height=\"362\" data-id=\"567\" src=\"https:\/\/kyodoelectronic.com\/wp-content\/uploads\/2024\/09\/GRIZU-1024x362.png\" alt=\"\" class=\"wp-image-567\" srcset=\"https:\/\/kyodoelectronic.com\/wp-content\/uploads\/2024\/09\/GRIZU-1024x362.png 1024w, https:\/\/kyodoelectronic.com\/wp-content\/uploads\/2024\/09\/GRIZU-300x106.png 300w, https:\/\/kyodoelectronic.com\/wp-content\/uploads\/2024\/09\/GRIZU-768x272.png 768w, https:\/\/kyodoelectronic.com\/wp-content\/uploads\/2024\/09\/GRIZU-990x350.png 990w, https:\/\/kyodoelectronic.com\/wp-content\/uploads\/2024\/09\/GRIZU.png 1201w\" sizes=\"auto, (max-width: 1024px) 100vw, 1024px\" \/><\/figure>\n<\/figure>\n\n\n\n<h1 class=\"wp-block-heading\">GRIZU Ma\u011fara, Bunker, Kapal\u0131 Mekan \u0130\u00e7i Ke\u015fif G\u00f6zetleme Ve \u0130mha Sistemi<\/h1>\n\n\n\n<p>Sistem, eri\u015fimi zor tuzakl\u0131 ma\u011faralarda ke\u015fif yapmaya, g\u00f6r\u00fcnt\u00fc almaya, tuzaklar\u0131 bulmaya ve ma\u011faray\u0131 imha etmeye yarar.<\/p>\n\n\n\n<p>Sistemin 2 unsuru vard\u0131r:<\/p>\n\n\n\n<p><strong>1- K\u00f6stebek:&nbsp;<\/strong>Sistemin yer unsuru olup her ko\u015fulda her yerde tak\u0131lmadan hareket eder. K\u00f6stebek unsuru ayn\u0131 zamanda ba\u015fka bir k\u00f6stebek ile<\/p>\n\n\n\n<p>ileti\u015fim kurabilir ve r\u00f6le g\u00f6revi g\u00f6rerek haberle\u015fme menzilini artt\u0131rabilir.<\/p>\n\n\n\n<p><strong>2- Yarasa:&nbsp;<\/strong>Hava unsuru olup 25\u00d725 cm\u2019lik kafes i\u00e7inde 4 motorlu bir hava arac\u0131d\u0131r. D\u00fc\u015f\u00fck frekansl\u0131 frekans atlama \u00f6zellikli, video aktar\u0131m\u0131na ve kontrol haberle\u015fmesine sahiptir. Sinyalin kesildi\u011fi yerlerde ise k\u00f6stebek \u00fczerindeki aktar\u0131c\u0131y\u0131 kullanarak ma\u011fara, yer alt\u0131 gibi kapal\u0131 yerlerde ve jammer ortam\u0131nda bile kesintisiz ileti\u015fim sa\u011flar<\/p>\n","protected":false},"excerpt":{"rendered":"<p>GRIZU Ma\u011fara, Bunker, Kapal\u0131 Mekan \u0130\u00e7i Ke\u015fif G\u00f6zetleme Ve \u0130mha Sistemi Sistem, eri\u015fimi zor tuzakl\u0131 ma\u011faralarda ke\u015fif yapmaya, g\u00f6r\u00fcnt\u00fc almaya, &hellip; <a href=\"https:\/\/kyodoelectronic.com\/index.php\/sinir-guvenligi\/sinir-guvenlik-sistemleri\/grizu-magara-bunker-kapali-mekan-ici-kesif-gozetleme-ve-imha-sistemi\/\" class=\"more-link\"><span class=\"more-button\">Continue Reading<span class=\"screen-reader-text\">GRIZU Ma\u011fara, Bunker, Kapal\u0131 Mekan \u0130\u00e7i Ke\u015fif G\u00f6zetleme Ve \u0130mha Sistemi<\/span><\/span><\/a><\/p>\n","protected":false},"author":1,"featured_media":0,"parent":533,"menu_order":2,"comment_status":"closed","ping_status":"closed","template":"","meta":{"footnotes":""},"class_list":["post-560","page","type-page","status-publish","hentry"],"_links":{"self":[{"href":"https:\/\/kyodoelectronic.com\/index.php\/wp-json\/wp\/v2\/pages\/560","targetHints":{"allow":["GET"]}}],"collection":[{"href":"https:\/\/kyodoelectronic.com\/index.php\/wp-json\/wp\/v2\/pages"}],"about":[{"href":"https:\/\/kyodoelectronic.com\/index.php\/wp-json\/wp\/v2\/types\/page"}],"author":[{"embeddable":true,"href":"https:\/\/kyodoelectronic.com\/index.php\/wp-json\/wp\/v2\/users\/1"}],"replies":[{"embeddable":true,"href":"https:\/\/kyodoelectronic.com\/index.php\/wp-json\/wp\/v2\/comments?post=560"}],"version-history":[{"count":1,"href":"https:\/\/kyodoelectronic.com\/index.php\/wp-json\/wp\/v2\/pages\/560\/revisions"}],"predecessor-version":[{"id":568,"href":"https:\/\/kyodoelectronic.com\/index.php\/wp-json\/wp\/v2\/pages\/560\/revisions\/568"}],"up":[{"embeddable":true,"href":"https:\/\/kyodoelectronic.com\/index.php\/wp-json\/wp\/v2\/pages\/533"}],"wp:attachment":[{"href":"https:\/\/kyodoelectronic.com\/index.php\/wp-json\/wp\/v2\/media?parent=560"}],"curies":[{"name":"wp","href":"https:\/\/api.w.org\/{rel}","templated":true}]}}