{"id":559,"date":"2024-09-10T19:23:51","date_gmt":"2024-09-10T16:23:51","guid":{"rendered":"https:\/\/kyodoelectronic.com\/index.php\/sinir-guvenligi\/sinir-guvenlik-sistemleri\/atg-sismik-gozetimsiz-zemin-sensorleri\/"},"modified":"2024-09-10T19:36:13","modified_gmt":"2024-09-10T16:36:13","slug":"atg-sismik-gozetimsiz-zemin-sensorleri","status":"publish","type":"page","link":"https:\/\/kyodoelectronic.com\/index.php\/sinir-guvenligi\/sinir-guvenlik-sistemleri\/atg-sismik-gozetimsiz-zemin-sensorleri\/","title":{"rendered":"ATG Sismik G\u00f6zetimsiz Zemin Sens\u00f6rleri"},"content":{"rendered":"\n<figure class=\"wp-block-gallery has-nested-images columns-default is-cropped wp-block-gallery-1 is-layout-flex wp-block-gallery-is-layout-flex\">\n<figure class=\"wp-block-image size-large\"><img loading=\"lazy\" decoding=\"async\" width=\"1024\" height=\"362\" data-id=\"565\" src=\"https:\/\/kyodoelectronic.com\/wp-content\/uploads\/2024\/09\/ATG-Sismik-1024x362.png\" alt=\"\" class=\"wp-image-565\" srcset=\"https:\/\/kyodoelectronic.com\/wp-content\/uploads\/2024\/09\/ATG-Sismik-1024x362.png 1024w, https:\/\/kyodoelectronic.com\/wp-content\/uploads\/2024\/09\/ATG-Sismik-300x106.png 300w, https:\/\/kyodoelectronic.com\/wp-content\/uploads\/2024\/09\/ATG-Sismik-768x272.png 768w, https:\/\/kyodoelectronic.com\/wp-content\/uploads\/2024\/09\/ATG-Sismik-990x350.png 990w, https:\/\/kyodoelectronic.com\/wp-content\/uploads\/2024\/09\/ATG-Sismik.png 1201w\" sizes=\"auto, (max-width: 1024px) 100vw, 1024px\" \/><\/figure>\n<\/figure>\n\n\n\n<p>CANLI DA\u011eLAR Sismik g\u00f6zetimsiz zemin sens\u00f6rleri tipi bizim t\u00fcm ATG arazi korumalar\u0131 \u00e7\u00f6z\u00fcmlerinin, geni\u015f arazilerin ve uzak m\u00fclklerin korunmas\u0131 ve g\u00f6zetlenmesi i\u00e7indir. ATG sismik g\u00f6zetimsiz zemin sens\u00f6rleri (UGS) sistemleri ak\u0131ll\u0131 wireless a\u011f\u0131 ile g\u00fc\u00e7 verimlili\u011fi, do\u011fru hedef tespiti ve s\u0131n\u0131fland\u0131rmay\u0131 sa\u011flar.&nbsp;<\/p>\n\n\n\n<ul class=\"wp-block-list\">\n<li>Kullan\u0131c\u0131 sahadaki t\u00fcm cihazlar\u0131n pil seviyesini ve durum bilgisini KKB\u2019den anl\u0131k g\u00f6r\u00fcnt\u00fcleyebilmektir.<\/li>\n\n\n\n<li>\u0130ste\u011fe ba\u011fl\u0131 olarak detekt\u00f6rler \u00fczerinde bulunan sens\u00f6rleri KKB \u00fczerinden a\u00e7ma kapama yap\u0131labilmektedir.<\/li>\n\n\n\n<li>Sahadaki t\u00fcm cihazlarda GPS mod\u00fcl\u00fc vard\u0131r. ger\u00e7ek konumunu g\u00f6r\u00fcnt\u00fcleyebilmektedir.<\/li>\n\n\n\n<li>Herhangi bir alarm durumunda mini termal kamera pantiltleri kullan\u0131larak anl\u0131k g\u00f6r\u00fcnt\u00fc al\u0131nabilir.<\/li>\n\n\n\n<li>Detekt\u00f6rlerin \u00fczerinde bulunan anahtarlama \u00e7\u0131k\u0131\u015f\u0131 sayesinde f\u00fcnye benzeri sistemler \u00e7al\u0131\u015ft\u0131r\u0131labilir.<\/li>\n<\/ul>\n","protected":false},"excerpt":{"rendered":"<p>CANLI DA\u011eLAR Sismik g\u00f6zetimsiz zemin sens\u00f6rleri tipi bizim t\u00fcm ATG arazi korumalar\u0131 \u00e7\u00f6z\u00fcmlerinin, geni\u015f arazilerin ve uzak m\u00fclklerin korunmas\u0131 ve &hellip; <a href=\"https:\/\/kyodoelectronic.com\/index.php\/sinir-guvenligi\/sinir-guvenlik-sistemleri\/atg-sismik-gozetimsiz-zemin-sensorleri\/\" class=\"more-link\"><span class=\"more-button\">Continue Reading<span class=\"screen-reader-text\">ATG Sismik G\u00f6zetimsiz Zemin Sens\u00f6rleri<\/span><\/span><\/a><\/p>\n","protected":false},"author":1,"featured_media":0,"parent":533,"menu_order":1,"comment_status":"closed","ping_status":"closed","template":"","meta":{"footnotes":""},"class_list":["post-559","page","type-page","status-publish","hentry"],"_links":{"self":[{"href":"https:\/\/kyodoelectronic.com\/index.php\/wp-json\/wp\/v2\/pages\/559","targetHints":{"allow":["GET"]}}],"collection":[{"href":"https:\/\/kyodoelectronic.com\/index.php\/wp-json\/wp\/v2\/pages"}],"about":[{"href":"https:\/\/kyodoelectronic.com\/index.php\/wp-json\/wp\/v2\/types\/page"}],"author":[{"embeddable":true,"href":"https:\/\/kyodoelectronic.com\/index.php\/wp-json\/wp\/v2\/users\/1"}],"replies":[{"embeddable":true,"href":"https:\/\/kyodoelectronic.com\/index.php\/wp-json\/wp\/v2\/comments?post=559"}],"version-history":[{"count":1,"href":"https:\/\/kyodoelectronic.com\/index.php\/wp-json\/wp\/v2\/pages\/559\/revisions"}],"predecessor-version":[{"id":566,"href":"https:\/\/kyodoelectronic.com\/index.php\/wp-json\/wp\/v2\/pages\/559\/revisions\/566"}],"up":[{"embeddable":true,"href":"https:\/\/kyodoelectronic.com\/index.php\/wp-json\/wp\/v2\/pages\/533"}],"wp:attachment":[{"href":"https:\/\/kyodoelectronic.com\/index.php\/wp-json\/wp\/v2\/media?parent=559"}],"curies":[{"name":"wp","href":"https:\/\/api.w.org\/{rel}","templated":true}]}}