{"id":549,"date":"2024-09-10T19:12:28","date_gmt":"2024-09-10T16:12:28","guid":{"rendered":"https:\/\/kyodoelectronic.com\/index.php\/sinir-guvenligi\/radar-sistemleri\/gsr-805-s-band-kara-gozetleme-radari\/"},"modified":"2024-09-10T19:18:06","modified_gmt":"2024-09-10T16:18:06","slug":"gsr-805-s-band-kara-gozetleme-radari","status":"publish","type":"page","link":"https:\/\/kyodoelectronic.com\/index.php\/sinir-guvenligi\/radar-sistemleri\/gsr-805-s-band-kara-gozetleme-radari\/","title":{"rendered":"GSR 805 S Band Kara G\u00f6zetleme Radar\u0131"},"content":{"rendered":"\n<figure class=\"wp-block-gallery has-nested-images columns-default is-cropped wp-block-gallery-1 is-layout-flex wp-block-gallery-is-layout-flex\">\n<figure class=\"wp-block-image size-large\"><img loading=\"lazy\" decoding=\"async\" width=\"1024\" height=\"362\" data-id=\"550\" src=\"https:\/\/kyodoelectronic.com\/wp-content\/uploads\/2024\/09\/GSR-805-S-1024x362.png\" alt=\"\" class=\"wp-image-550\" srcset=\"https:\/\/kyodoelectronic.com\/wp-content\/uploads\/2024\/09\/GSR-805-S-1024x362.png 1024w, https:\/\/kyodoelectronic.com\/wp-content\/uploads\/2024\/09\/GSR-805-S-300x106.png 300w, https:\/\/kyodoelectronic.com\/wp-content\/uploads\/2024\/09\/GSR-805-S-768x272.png 768w, https:\/\/kyodoelectronic.com\/wp-content\/uploads\/2024\/09\/GSR-805-S-990x350.png 990w, https:\/\/kyodoelectronic.com\/wp-content\/uploads\/2024\/09\/GSR-805-S.png 1201w\" sizes=\"auto, (max-width: 1024px) 100vw, 1024px\" \/><\/figure>\n<\/figure>\n\n\n\n<p>S band \u00e7al\u0131\u015fma aral\u0131\u011f\u0131 ile y\u00fcksek performans sunan GSR 805 kara g\u00f6zetleme radar\u0131, 8km\u2019ye kadar insan tespiti, 15km\u2019ye kadar ara\u00e7 tespiti yapabilme kapasitesine sahiptir.<\/p>\n\n\n\n<ul class=\"wp-block-list\">\n<li>Minimum Tespit Mesafesi: 100m<\/li>\n\n\n\n<li>S Band \u00e7al\u0131\u015fma frekans\u0131<\/li>\n\n\n\n<li>Puls Doppler<\/li>\n<\/ul>\n","protected":false},"excerpt":{"rendered":"<p>S band \u00e7al\u0131\u015fma aral\u0131\u011f\u0131 ile y\u00fcksek performans sunan GSR 805 kara g\u00f6zetleme radar\u0131, 8km\u2019ye kadar insan tespiti, 15km\u2019ye kadar ara\u00e7 &hellip; <a href=\"https:\/\/kyodoelectronic.com\/index.php\/sinir-guvenligi\/radar-sistemleri\/gsr-805-s-band-kara-gozetleme-radari\/\" class=\"more-link\"><span class=\"more-button\">Continue Reading<span class=\"screen-reader-text\">GSR 805 S Band Kara G\u00f6zetleme Radar\u0131<\/span><\/span><\/a><\/p>\n","protected":false},"author":1,"featured_media":0,"parent":531,"menu_order":1,"comment_status":"closed","ping_status":"closed","template":"","meta":{"footnotes":""},"class_list":["post-549","page","type-page","status-publish","hentry"],"_links":{"self":[{"href":"https:\/\/kyodoelectronic.com\/index.php\/wp-json\/wp\/v2\/pages\/549","targetHints":{"allow":["GET"]}}],"collection":[{"href":"https:\/\/kyodoelectronic.com\/index.php\/wp-json\/wp\/v2\/pages"}],"about":[{"href":"https:\/\/kyodoelectronic.com\/index.php\/wp-json\/wp\/v2\/types\/page"}],"author":[{"embeddable":true,"href":"https:\/\/kyodoelectronic.com\/index.php\/wp-json\/wp\/v2\/users\/1"}],"replies":[{"embeddable":true,"href":"https:\/\/kyodoelectronic.com\/index.php\/wp-json\/wp\/v2\/comments?post=549"}],"version-history":[{"count":1,"href":"https:\/\/kyodoelectronic.com\/index.php\/wp-json\/wp\/v2\/pages\/549\/revisions"}],"predecessor-version":[{"id":551,"href":"https:\/\/kyodoelectronic.com\/index.php\/wp-json\/wp\/v2\/pages\/549\/revisions\/551"}],"up":[{"embeddable":true,"href":"https:\/\/kyodoelectronic.com\/index.php\/wp-json\/wp\/v2\/pages\/531"}],"wp:attachment":[{"href":"https:\/\/kyodoelectronic.com\/index.php\/wp-json\/wp\/v2\/media?parent=549"}],"curies":[{"name":"wp","href":"https:\/\/api.w.org\/{rel}","templated":true}]}}