{"id":545,"date":"2024-09-10T18:33:42","date_gmt":"2024-09-10T15:33:42","guid":{"rendered":"https:\/\/kyodoelectronic.com\/index.php\/sinir-guvenligi\/radar-sistemleri\/gsr-803-kara-gozetleme-radari\/"},"modified":"2024-09-10T19:11:00","modified_gmt":"2024-09-10T16:11:00","slug":"gsr-803-kara-gozetleme-radari","status":"publish","type":"page","link":"https:\/\/kyodoelectronic.com\/index.php\/sinir-guvenligi\/radar-sistemleri\/gsr-803-kara-gozetleme-radari\/","title":{"rendered":"GSR 803 Kara G\u00f6zetleme Radar\u0131"},"content":{"rendered":"\n<figure class=\"wp-block-gallery has-nested-images columns-default is-cropped wp-block-gallery-1 is-layout-flex wp-block-gallery-is-layout-flex\">\n<figure class=\"wp-block-image size-large\"><img loading=\"lazy\" decoding=\"async\" width=\"1024\" height=\"362\" data-id=\"546\" src=\"https:\/\/kyodoelectronic.com\/wp-content\/uploads\/2024\/09\/GR03-1024x362.png\" alt=\"\" class=\"wp-image-546\" srcset=\"https:\/\/kyodoelectronic.com\/wp-content\/uploads\/2024\/09\/GR03-1024x362.png 1024w, https:\/\/kyodoelectronic.com\/wp-content\/uploads\/2024\/09\/GR03-300x106.png 300w, https:\/\/kyodoelectronic.com\/wp-content\/uploads\/2024\/09\/GR03-768x272.png 768w, https:\/\/kyodoelectronic.com\/wp-content\/uploads\/2024\/09\/GR03-990x350.png 990w, https:\/\/kyodoelectronic.com\/wp-content\/uploads\/2024\/09\/GR03.png 1201w\" sizes=\"auto, (max-width: 1024px) 100vw, 1024px\" \/><\/figure>\n<\/figure>\n\n\n\n<p>Hedefin koordinatlar\u0131n\u0131, azimutunu ve a\u00e7\u0131sal konumunu tahmin etmek i\u00e7in Lazer Mesafe Bulucu, GPS ve kuzey bulucu sens\u00f6rlerinden gelen verileri birle\u015ftirir ve E\/O \u00fcnitesine aktar\u0131r.<\/p>\n\n\n\n<ul class=\"wp-block-list\">\n<li>S\u0131n\u0131r Savunma G\u00f6revi<\/li>\n\n\n\n<li>SWAT Ke\u015fif<\/li>\n\n\n\n<li>Ter\u00f6rle M\u00fccadele<\/li>\n\n\n\n<li>K\u0131y\u0131 Savunma<\/li>\n\n\n\n<li>Sava\u015f Alan\u0131 Ke\u015fif G\u00f6zetleme<\/li>\n<\/ul>\n","protected":false},"excerpt":{"rendered":"<p>Hedefin koordinatlar\u0131n\u0131, azimutunu ve a\u00e7\u0131sal konumunu tahmin etmek i\u00e7in Lazer Mesafe Bulucu, GPS ve kuzey bulucu sens\u00f6rlerinden gelen verileri birle\u015ftirir &hellip; <a href=\"https:\/\/kyodoelectronic.com\/index.php\/sinir-guvenligi\/radar-sistemleri\/gsr-803-kara-gozetleme-radari\/\" class=\"more-link\"><span class=\"more-button\">Continue Reading<span class=\"screen-reader-text\">GSR 803 Kara G\u00f6zetleme Radar\u0131<\/span><\/span><\/a><\/p>\n","protected":false},"author":1,"featured_media":0,"parent":531,"menu_order":1,"comment_status":"closed","ping_status":"closed","template":"","meta":{"footnotes":""},"class_list":["post-545","page","type-page","status-publish","hentry"],"_links":{"self":[{"href":"https:\/\/kyodoelectronic.com\/index.php\/wp-json\/wp\/v2\/pages\/545","targetHints":{"allow":["GET"]}}],"collection":[{"href":"https:\/\/kyodoelectronic.com\/index.php\/wp-json\/wp\/v2\/pages"}],"about":[{"href":"https:\/\/kyodoelectronic.com\/index.php\/wp-json\/wp\/v2\/types\/page"}],"author":[{"embeddable":true,"href":"https:\/\/kyodoelectronic.com\/index.php\/wp-json\/wp\/v2\/users\/1"}],"replies":[{"embeddable":true,"href":"https:\/\/kyodoelectronic.com\/index.php\/wp-json\/wp\/v2\/comments?post=545"}],"version-history":[{"count":1,"href":"https:\/\/kyodoelectronic.com\/index.php\/wp-json\/wp\/v2\/pages\/545\/revisions"}],"predecessor-version":[{"id":547,"href":"https:\/\/kyodoelectronic.com\/index.php\/wp-json\/wp\/v2\/pages\/545\/revisions\/547"}],"up":[{"embeddable":true,"href":"https:\/\/kyodoelectronic.com\/index.php\/wp-json\/wp\/v2\/pages\/531"}],"wp:attachment":[{"href":"https:\/\/kyodoelectronic.com\/index.php\/wp-json\/wp\/v2\/media?parent=545"}],"curies":[{"name":"wp","href":"https:\/\/api.w.org\/{rel}","templated":true}]}}