{"id":515,"date":"2024-09-10T18:09:07","date_gmt":"2024-09-10T15:09:07","guid":{"rendered":"https:\/\/kyodoelectronic.com\/index.php\/iha-tespit-sistemleri\/diger-sistem-bilesenleri\/u360-radyo-frekans-algilayici\/"},"modified":"2024-09-10T18:21:58","modified_gmt":"2024-09-10T15:21:58","slug":"u360-radyo-frekans-algilayici","status":"publish","type":"page","link":"https:\/\/kyodoelectronic.com\/index.php\/iha-tespit-sistemleri\/diger-sistem-bilesenleri\/u360-radyo-frekans-algilayici\/","title":{"rendered":"U360 Radyo Frekans Alg\u0131lay\u0131c\u0131"},"content":{"rendered":"\n<figure class=\"wp-block-gallery has-nested-images columns-default is-cropped wp-block-gallery-1 is-layout-flex wp-block-gallery-is-layout-flex\">\n<figure class=\"wp-block-image size-large\"><img loading=\"lazy\" decoding=\"async\" width=\"1024\" height=\"362\" data-id=\"525\" src=\"https:\/\/kyodoelectronic.com\/wp-content\/uploads\/2024\/09\/SA-U360-1024x362.png\" alt=\"\" class=\"wp-image-525\" srcset=\"https:\/\/kyodoelectronic.com\/wp-content\/uploads\/2024\/09\/SA-U360-1024x362.png 1024w, https:\/\/kyodoelectronic.com\/wp-content\/uploads\/2024\/09\/SA-U360-300x106.png 300w, https:\/\/kyodoelectronic.com\/wp-content\/uploads\/2024\/09\/SA-U360-768x272.png 768w, https:\/\/kyodoelectronic.com\/wp-content\/uploads\/2024\/09\/SA-U360-990x350.png 990w, https:\/\/kyodoelectronic.com\/wp-content\/uploads\/2024\/09\/SA-U360.png 1201w\" sizes=\"auto, (max-width: 1024px) 100vw, 1024px\" \/><\/figure>\n<\/figure>\n\n\n\n<p>SA-U360 Hassas b\u00f6lgelerde d\u0131\u015far\u0131dan gelebilecek herhangi bir uzaktan kumanda ile kontrol edilebilen, hava, deniz veya kara ara\u00e7lar\u0131na kar\u015f\u0131, koruma sa\u011flayan hassas pasif RF alg\u0131lay\u0131c\u0131d\u0131r. \u00a0SA-U360 kolay, esnek kurulum se\u00e7enekleri sayesinde, ba\u015fka sistemler ile entegre edilebilmektedir. \u00a0Her hava ko\u015fulunda kullan\u0131labilen SA-U360, dura\u011fan, hareket edebilen belirtilmi\u015f frekans aral\u0131\u011f\u0131nda \u00e7al\u0131\u015fan her t\u00fcrl\u00fc uzaktan kumandal\u0131\u00a0 ara\u00e7lar\u0131 alg\u0131layabilir. K\u00fc\u00e7\u00fck boyutundan dolay\u0131 kolay ta\u015f\u0131nabilir ve istenilen alana kurulabilir.<\/p>\n\n\n\n<ul class=\"wp-block-list\">\n<li>Ta\u015f\u0131nabilir, Ekonomik, Hafif (&lt;11Kg, 45 x 35cm, IP65)<\/li>\n\n\n\n<li>Uzun mesafeden algilama yapar ve uyari verebilir \u22655km<\/li>\n\n\n\n<li>\u00c7al\u0131\u015fma frekans aral\u0131\u011f\u0131: 300MHz\u20146000MHz<\/li>\n\n\n\n<li>Kullan\u0131lan teknoloji: Spectrum analiz\u00f6r + Decoding<\/li>\n\n\n\n<li>Esnek entegrasyon, \u2013 M\u00fc\u015fterinin mevcut sistemine entegre edilebilinir<\/li>\n\n\n\n<li>Otomatik sistem kontrol\u00fc ve uyar\u0131s\u0131<\/li>\n<\/ul>\n","protected":false},"excerpt":{"rendered":"<p>SA-U360 Hassas b\u00f6lgelerde d\u0131\u015far\u0131dan gelebilecek herhangi bir uzaktan kumanda ile kontrol edilebilen, hava, deniz veya kara ara\u00e7lar\u0131na kar\u015f\u0131, koruma sa\u011flayan &hellip; <a href=\"https:\/\/kyodoelectronic.com\/index.php\/iha-tespit-sistemleri\/diger-sistem-bilesenleri\/u360-radyo-frekans-algilayici\/\" class=\"more-link\"><span class=\"more-button\">Continue Reading<span class=\"screen-reader-text\">U360 Radyo Frekans Alg\u0131lay\u0131c\u0131<\/span><\/span><\/a><\/p>\n","protected":false},"author":1,"featured_media":0,"parent":511,"menu_order":2,"comment_status":"closed","ping_status":"closed","template":"","meta":{"footnotes":""},"class_list":["post-515","page","type-page","status-publish","hentry"],"_links":{"self":[{"href":"https:\/\/kyodoelectronic.com\/index.php\/wp-json\/wp\/v2\/pages\/515","targetHints":{"allow":["GET"]}}],"collection":[{"href":"https:\/\/kyodoelectronic.com\/index.php\/wp-json\/wp\/v2\/pages"}],"about":[{"href":"https:\/\/kyodoelectronic.com\/index.php\/wp-json\/wp\/v2\/types\/page"}],"author":[{"embeddable":true,"href":"https:\/\/kyodoelectronic.com\/index.php\/wp-json\/wp\/v2\/users\/1"}],"replies":[{"embeddable":true,"href":"https:\/\/kyodoelectronic.com\/index.php\/wp-json\/wp\/v2\/comments?post=515"}],"version-history":[{"count":1,"href":"https:\/\/kyodoelectronic.com\/index.php\/wp-json\/wp\/v2\/pages\/515\/revisions"}],"predecessor-version":[{"id":526,"href":"https:\/\/kyodoelectronic.com\/index.php\/wp-json\/wp\/v2\/pages\/515\/revisions\/526"}],"up":[{"embeddable":true,"href":"https:\/\/kyodoelectronic.com\/index.php\/wp-json\/wp\/v2\/pages\/511"}],"wp:attachment":[{"href":"https:\/\/kyodoelectronic.com\/index.php\/wp-json\/wp\/v2\/media?parent=515"}],"curies":[{"name":"wp","href":"https:\/\/api.w.org\/{rel}","templated":true}]}}