{"id":505,"date":"2024-09-10T17:55:09","date_gmt":"2024-09-10T14:55:09","guid":{"rendered":"https:\/\/kyodoelectronic.com\/index.php\/iha-tespit-sistemleri\/fedai\/fedai-mobil-havada-imha-platformu\/"},"modified":"2024-09-10T18:00:50","modified_gmt":"2024-09-10T15:00:50","slug":"fedai-mobil-havada-imha-platformu","status":"publish","type":"page","link":"https:\/\/kyodoelectronic.com\/index.php\/iha-tespit-sistemleri\/fedai\/fedai-mobil-havada-imha-platformu\/","title":{"rendered":"FEDAI Mobil Havada \u0130mha Platformu"},"content":{"rendered":"\n<figure class=\"wp-block-gallery has-nested-images columns-default is-cropped wp-block-gallery-1 is-layout-flex wp-block-gallery-is-layout-flex\">\n<figure class=\"wp-block-image size-large is-style-default\"><img loading=\"lazy\" decoding=\"async\" width=\"1024\" height=\"362\" data-id=\"506\" src=\"https:\/\/kyodoelectronic.com\/wp-content\/uploads\/2024\/09\/FEDAI-1024x362.png\" alt=\"\" class=\"wp-image-506\" srcset=\"https:\/\/kyodoelectronic.com\/wp-content\/uploads\/2024\/09\/FEDAI-1024x362.png 1024w, https:\/\/kyodoelectronic.com\/wp-content\/uploads\/2024\/09\/FEDAI-300x106.png 300w, https:\/\/kyodoelectronic.com\/wp-content\/uploads\/2024\/09\/FEDAI-768x272.png 768w, https:\/\/kyodoelectronic.com\/wp-content\/uploads\/2024\/09\/FEDAI-990x350.png 990w, https:\/\/kyodoelectronic.com\/wp-content\/uploads\/2024\/09\/FEDAI.png 1201w\" sizes=\"auto, (max-width: 1024px) 100vw, 1024px\" \/><\/figure>\n<\/figure>\n\n\n\n<p>FEDAI, kanat katlama mekanizmas\u0131yla donat\u0131lm\u0131\u015f, t\u00fcpten f\u0131rlatmal\u0131, ya bir anti-personal ya da anti-tank SEEKER ba\u015fl\u0131\u011f\u0131 ile y\u00fcksek oranda hedef takibi yapan bir imha platformudur. Sistemin benzersiz \u00f6zelli\u011fi, bir f\u0131rlatma sisteminin i\u00e7ine s\u0131\u011facak \u015fekilde katlan\u0131r kanat yap\u0131s\u0131na sahip olmas\u0131d\u0131r. Herhangi bir kara arac\u0131na monte edilmi\u015f bir f\u0131rlatma sisteminden havaland\u0131ktan sonra pn\u00f6matik olarak kanatlar\u0131 a\u00e7\u0131lmaktad\u0131r.<br>Drone ba\u015fl\u0131\u011f\u0131na bir DROKA radar\u0131 ve Termal\/G\u00fcnd\u00fcz-gece kameralar\u0131 eklenerek sald\u0131r\u0131 ba\u015flatmadan \u00f6nce hedefin de\u011ferlendirilmesi sa\u011flan\u0131r. FEDAI sald\u0131r\u0131 s\u0131ras\u0131nda tam otonom \u015fekilde hedefe y\u00f6nlenir.<br>Drone ba\u015fl\u0131\u011f\u0131n\u0131n \u00f6n\u00fcne monte edilmi\u015f kamera sayesinde DROKA\u2019n\u0131n mobil kontrol istasyonundan g\u00f6r\u00fcnt\u00fc alabilmesi ve b\u00f6ylelikle FEDAI \u0130mha Platformunun y\u00f6nlendirilmesi hedeflenmi\u015ftir.<\/p>\n","protected":false},"excerpt":{"rendered":"<p>FEDAI, kanat katlama mekanizmas\u0131yla donat\u0131lm\u0131\u015f, t\u00fcpten f\u0131rlatmal\u0131, ya bir anti-personal ya da anti-tank SEEKER ba\u015fl\u0131\u011f\u0131 ile y\u00fcksek oranda hedef takibi &hellip; <a href=\"https:\/\/kyodoelectronic.com\/index.php\/iha-tespit-sistemleri\/fedai\/fedai-mobil-havada-imha-platformu\/\" class=\"more-link\"><span class=\"more-button\">Continue Reading<span class=\"screen-reader-text\">FEDAI Mobil Havada \u0130mha Platformu<\/span><\/span><\/a><\/p>\n","protected":false},"author":1,"featured_media":0,"parent":504,"menu_order":1,"comment_status":"closed","ping_status":"closed","template":"","meta":{"footnotes":""},"class_list":["post-505","page","type-page","status-publish","hentry"],"_links":{"self":[{"href":"https:\/\/kyodoelectronic.com\/index.php\/wp-json\/wp\/v2\/pages\/505","targetHints":{"allow":["GET"]}}],"collection":[{"href":"https:\/\/kyodoelectronic.com\/index.php\/wp-json\/wp\/v2\/pages"}],"about":[{"href":"https:\/\/kyodoelectronic.com\/index.php\/wp-json\/wp\/v2\/types\/page"}],"author":[{"embeddable":true,"href":"https:\/\/kyodoelectronic.com\/index.php\/wp-json\/wp\/v2\/users\/1"}],"replies":[{"embeddable":true,"href":"https:\/\/kyodoelectronic.com\/index.php\/wp-json\/wp\/v2\/comments?post=505"}],"version-history":[{"count":1,"href":"https:\/\/kyodoelectronic.com\/index.php\/wp-json\/wp\/v2\/pages\/505\/revisions"}],"predecessor-version":[{"id":508,"href":"https:\/\/kyodoelectronic.com\/index.php\/wp-json\/wp\/v2\/pages\/505\/revisions\/508"}],"up":[{"embeddable":true,"href":"https:\/\/kyodoelectronic.com\/index.php\/wp-json\/wp\/v2\/pages\/504"}],"wp:attachment":[{"href":"https:\/\/kyodoelectronic.com\/index.php\/wp-json\/wp\/v2\/media?parent=505"}],"curies":[{"name":"wp","href":"https:\/\/api.w.org\/{rel}","templated":true}]}}