{"id":500,"date":"2024-09-10T17:49:32","date_gmt":"2024-09-10T14:49:32","guid":{"rendered":"https:\/\/kyodoelectronic.com\/index.php\/iha-tespit-sistemleri\/droka\/droka-hafif-iha-tespit-tanima-ve-savunma-sistemi\/"},"modified":"2024-09-10T17:50:28","modified_gmt":"2024-09-10T14:50:28","slug":"droka-hafif-iha-tespit-tanima-ve-savunma-sistemi","status":"publish","type":"page","link":"https:\/\/kyodoelectronic.com\/index.php\/iha-tespit-sistemleri\/droka\/droka-hafif-iha-tespit-tanima-ve-savunma-sistemi\/","title":{"rendered":"DROKA Hafif IHA Tespit Tan\u0131ma ve Savunma Sistemi"},"content":{"rendered":"\n<figure class=\"wp-block-gallery has-nested-images columns-default is-cropped wp-block-gallery-1 is-layout-flex wp-block-gallery-is-layout-flex\">\n<figure class=\"wp-block-image size-large\"><img loading=\"lazy\" decoding=\"async\" width=\"1024\" height=\"362\" data-id=\"494\" src=\"https:\/\/kyodoelectronic.com\/wp-content\/uploads\/2024\/09\/DROKA-1024x362.png\" alt=\"\" class=\"wp-image-494\" srcset=\"https:\/\/kyodoelectronic.com\/wp-content\/uploads\/2024\/09\/DROKA-1024x362.png 1024w, https:\/\/kyodoelectronic.com\/wp-content\/uploads\/2024\/09\/DROKA-300x106.png 300w, https:\/\/kyodoelectronic.com\/wp-content\/uploads\/2024\/09\/DROKA-768x272.png 768w, https:\/\/kyodoelectronic.com\/wp-content\/uploads\/2024\/09\/DROKA-990x350.png 990w, https:\/\/kyodoelectronic.com\/wp-content\/uploads\/2024\/09\/DROKA.png 1201w\" sizes=\"auto, (max-width: 1024px) 100vw, 1024px\" \/><\/figure>\n<\/figure>\n\n\n\n<p>Droka, \u00f6zellikle k\u00fc\u00e7\u00fck \u0130HA tehditleri i\u00e7in yerli ve milli olarak tasarlanm\u0131\u015f, geli\u015ftirilmi\u015f ve \u00fcretilmi\u015ftir. Sistem, alg\u0131lama ve tan\u0131mlama i\u00e7in standart bir temel yap\u0131ya sahiptir. Koruma sistemi, tehditlerin t\u00fcr\u00fcne ve RF Jammer, HPEM gibi m\u00fc\u015fteri gereksinimlerine ba\u011fl\u0131 olarak \u00f6zelle\u015ftirilebilir. Sisteme ek olarak HP lazer tabancas\u0131 ve Spektrum Analiz\u00f6r se\u00e7ene\u011fi de mevcuttur.&nbsp;<\/p>\n\n\n\n<ul class=\"wp-block-list\">\n<li>GUARD Optik G\u00fcnd\u00fcz \/ Gece G\u00f6zetleme Sistemi<\/li>\n\n\n\n<li>SA-U360 RF Alg\u0131lay\u0131c\u0131<\/li>\n\n\n\n<li>3D Anti UAV Radar<\/li>\n\n\n\n<li>DJ-02 IHA Jammer<\/li>\n<\/ul>\n","protected":false},"excerpt":{"rendered":"<p>Droka, \u00f6zellikle k\u00fc\u00e7\u00fck \u0130HA tehditleri i\u00e7in yerli ve milli olarak tasarlanm\u0131\u015f, geli\u015ftirilmi\u015f ve \u00fcretilmi\u015ftir. Sistem, alg\u0131lama ve tan\u0131mlama i\u00e7in standart &hellip; <a href=\"https:\/\/kyodoelectronic.com\/index.php\/iha-tespit-sistemleri\/droka\/droka-hafif-iha-tespit-tanima-ve-savunma-sistemi\/\" class=\"more-link\"><span class=\"more-button\">Continue Reading<span class=\"screen-reader-text\">DROKA Hafif IHA Tespit Tan\u0131ma ve Savunma Sistemi<\/span><\/span><\/a><\/p>\n","protected":false},"author":1,"featured_media":0,"parent":492,"menu_order":1,"comment_status":"closed","ping_status":"closed","template":"","meta":{"footnotes":""},"class_list":["post-500","page","type-page","status-publish","hentry"],"_links":{"self":[{"href":"https:\/\/kyodoelectronic.com\/index.php\/wp-json\/wp\/v2\/pages\/500","targetHints":{"allow":["GET"]}}],"collection":[{"href":"https:\/\/kyodoelectronic.com\/index.php\/wp-json\/wp\/v2\/pages"}],"about":[{"href":"https:\/\/kyodoelectronic.com\/index.php\/wp-json\/wp\/v2\/types\/page"}],"author":[{"embeddable":true,"href":"https:\/\/kyodoelectronic.com\/index.php\/wp-json\/wp\/v2\/users\/1"}],"replies":[{"embeddable":true,"href":"https:\/\/kyodoelectronic.com\/index.php\/wp-json\/wp\/v2\/comments?post=500"}],"version-history":[{"count":1,"href":"https:\/\/kyodoelectronic.com\/index.php\/wp-json\/wp\/v2\/pages\/500\/revisions"}],"predecessor-version":[{"id":501,"href":"https:\/\/kyodoelectronic.com\/index.php\/wp-json\/wp\/v2\/pages\/500\/revisions\/501"}],"up":[{"embeddable":true,"href":"https:\/\/kyodoelectronic.com\/index.php\/wp-json\/wp\/v2\/pages\/492"}],"wp:attachment":[{"href":"https:\/\/kyodoelectronic.com\/index.php\/wp-json\/wp\/v2\/media?parent=500"}],"curies":[{"name":"wp","href":"https:\/\/api.w.org\/{rel}","templated":true}]}}