{"id":486,"date":"2024-09-10T17:35:28","date_gmt":"2024-09-10T14:35:28","guid":{"rendered":"https:\/\/kyodoelectronic.com\/index.php\/gimbal-sistemleri\/lazer-hedef-isaretleyici\/lhi-01-lazer-hedef-isaretleyici\/"},"modified":"2024-09-10T17:36:39","modified_gmt":"2024-09-10T14:36:39","slug":"lhi-01-lazer-hedef-isaretleyici","status":"publish","type":"page","link":"https:\/\/kyodoelectronic.com\/index.php\/gimbal-sistemleri\/lazer-hedef-isaretleyici\/lhi-01-lazer-hedef-isaretleyici\/","title":{"rendered":"LHI-01 Lazer Hedef \u0130\u015faretleyici"},"content":{"rendered":"\n<figure class=\"wp-block-gallery has-nested-images columns-default is-cropped wp-block-gallery-1 is-layout-flex wp-block-gallery-is-layout-flex\">\n<figure class=\"wp-block-image size-large\"><img loading=\"lazy\" decoding=\"async\" width=\"1024\" height=\"362\" data-id=\"487\" src=\"https:\/\/kyodoelectronic.com\/wp-content\/uploads\/2024\/09\/LHI-01-1024x362.png\" alt=\"\" class=\"wp-image-487\" srcset=\"https:\/\/kyodoelectronic.com\/wp-content\/uploads\/2024\/09\/LHI-01-1024x362.png 1024w, https:\/\/kyodoelectronic.com\/wp-content\/uploads\/2024\/09\/LHI-01-300x106.png 300w, https:\/\/kyodoelectronic.com\/wp-content\/uploads\/2024\/09\/LHI-01-768x272.png 768w, https:\/\/kyodoelectronic.com\/wp-content\/uploads\/2024\/09\/LHI-01-990x350.png 990w, https:\/\/kyodoelectronic.com\/wp-content\/uploads\/2024\/09\/LHI-01.png 1201w\" sizes=\"auto, (max-width: 1024px) 100vw, 1024px\" \/><\/figure>\n<\/figure>\n\n\n\n<p>LHI-01 Lazer Hedef \u0130\u015faretleyici, Transvaro taraf\u0131ndan T\u00fcrkiye\u2019de geli\u015ftirilen ve ITAR\u2019dan ba\u011f\u0131ms\u0131z olan teknolojik bir LTD \u00fcr\u00fcn\u00fcd\u00fcr.<\/p>\n\n\n\n<ul class=\"wp-block-list\">\n<li>Standart NATO (STANAG 3733 Band I ve Band II) ve Ulusal kodlu m\u00fchimmat\u0131 destekler.<\/li>\n\n\n\n<li>M\u00fc\u015fteri gereksinimlerine ve kullan\u0131m amac\u0131na g\u00f6re bir sistem haline getirilmek \u00fczere OEM yap\u0131s\u0131nda tasarlanm\u0131\u015ft\u0131r.<\/li>\n\n\n\n<li>Hava, Kara ve Deniz Kuvvetlerinin lazer hedef i\u015faretleyici ihtiya\u00e7lar\u0131n\u0131 destekleyecek \u00f6zellikler sunmaktad\u0131r<\/li>\n\n\n\n<li>M\u00fc\u015fterinin kullan\u0131m alan\u0131na \u00f6zel, sabit gimbal ve tripod kullan\u0131m\u0131na uygun olarak tasarlanm\u0131\u015ft\u0131r.<\/li>\n\n\n\n<li>K\u00fc\u00e7\u00fck Boyutlar: L:50 mm x H: 160 mm x H: 65 mm<\/li>\n\n\n\n<li>Stabil Gimbalde kullan\u0131lan modeli aksesuarlar\u0131 hari\u00e7 a\u011f\u0131rl\u0131\u011f\u0131 1.3 kg alt\u0131ndad\u0131r.<\/li>\n\n\n\n<li>Enerji opsiyonu: 25mJ, 50mJ, 70mJ, 100mJ<\/li>\n<\/ul>\n","protected":false},"excerpt":{"rendered":"<p>LHI-01 Lazer Hedef \u0130\u015faretleyici, Transvaro taraf\u0131ndan T\u00fcrkiye\u2019de geli\u015ftirilen ve ITAR\u2019dan ba\u011f\u0131ms\u0131z olan teknolojik bir LTD \u00fcr\u00fcn\u00fcd\u00fcr.<\/p>\n","protected":false},"author":1,"featured_media":0,"parent":331,"menu_order":1,"comment_status":"closed","ping_status":"closed","template":"","meta":{"footnotes":""},"class_list":["post-486","page","type-page","status-publish","hentry"],"_links":{"self":[{"href":"https:\/\/kyodoelectronic.com\/index.php\/wp-json\/wp\/v2\/pages\/486","targetHints":{"allow":["GET"]}}],"collection":[{"href":"https:\/\/kyodoelectronic.com\/index.php\/wp-json\/wp\/v2\/pages"}],"about":[{"href":"https:\/\/kyodoelectronic.com\/index.php\/wp-json\/wp\/v2\/types\/page"}],"author":[{"embeddable":true,"href":"https:\/\/kyodoelectronic.com\/index.php\/wp-json\/wp\/v2\/users\/1"}],"replies":[{"embeddable":true,"href":"https:\/\/kyodoelectronic.com\/index.php\/wp-json\/wp\/v2\/comments?post=486"}],"version-history":[{"count":2,"href":"https:\/\/kyodoelectronic.com\/index.php\/wp-json\/wp\/v2\/pages\/486\/revisions"}],"predecessor-version":[{"id":490,"href":"https:\/\/kyodoelectronic.com\/index.php\/wp-json\/wp\/v2\/pages\/486\/revisions\/490"}],"up":[{"embeddable":true,"href":"https:\/\/kyodoelectronic.com\/index.php\/wp-json\/wp\/v2\/pages\/331"}],"wp:attachment":[{"href":"https:\/\/kyodoelectronic.com\/index.php\/wp-json\/wp\/v2\/media?parent=486"}],"curies":[{"name":"wp","href":"https:\/\/api.w.org\/{rel}","templated":true}]}}