{"id":340,"date":"2024-09-09T19:05:07","date_gmt":"2024-09-09T16:05:07","guid":{"rendered":"https:\/\/kyodoelectronic.com\/index.php\/gimbal-sistemleri\/kara-gimbal-sistemleri\/gunduz-gece-uzun-mesafe-gimbal-kamera\/"},"modified":"2024-09-10T15:41:26","modified_gmt":"2024-09-10T12:41:26","slug":"gunduz-gece-uzun-mesafe-gimbal-kamera","status":"publish","type":"page","link":"https:\/\/kyodoelectronic.com\/index.php\/gimbal-sistemleri\/kara-gimbal-sistemleri\/gunduz-gece-uzun-mesafe-gimbal-kamera\/","title":{"rendered":"G\u00fcnd\u00fcz Gece Uzun Mesafe Gimbal Kamera"},"content":{"rendered":"\n<figure class=\"wp-block-gallery has-nested-images columns-default is-cropped wp-block-gallery-1 is-layout-flex wp-block-gallery-is-layout-flex\">\n<figure class=\"wp-block-image size-large\"><img loading=\"lazy\" decoding=\"async\" width=\"1024\" height=\"362\" data-id=\"342\" src=\"https:\/\/kyodoelectronic.com\/wp-content\/uploads\/2024\/09\/Gunduz-Gece-1024x362.png\" alt=\"\" class=\"wp-image-342\" srcset=\"https:\/\/kyodoelectronic.com\/wp-content\/uploads\/2024\/09\/Gunduz-Gece-1024x362.png 1024w, https:\/\/kyodoelectronic.com\/wp-content\/uploads\/2024\/09\/Gunduz-Gece-300x106.png 300w, https:\/\/kyodoelectronic.com\/wp-content\/uploads\/2024\/09\/Gunduz-Gece-768x272.png 768w, https:\/\/kyodoelectronic.com\/wp-content\/uploads\/2024\/09\/Gunduz-Gece-990x350.png 990w, https:\/\/kyodoelectronic.com\/wp-content\/uploads\/2024\/09\/Gunduz-Gece.png 1201w\" sizes=\"auto, (max-width: 1024px) 100vw, 1024px\" \/><\/figure>\n<\/figure>\n\n\n\n<ul class=\"wp-block-list\">\n<li>G\u00fcnd\u00fcz Gece Kamera\n<ul class=\"wp-block-list\">\n<li>Elektronik Yak\u0131nla\u015ft\u0131rma 8x<\/li>\n\n\n\n<li>\u00c7\u00f6z\u00fcn\u00fcrl\u00fck 2 mp 1920\u00d71080 (opt 3 mp)<\/li>\n\n\n\n<li>Optik Yak\u0131nla\u015ft\u0131rma 35x constant zoom(opt 50x)<\/li>\n<\/ul>\n<\/li>\n\n\n\n<li>Lazer \u0130lluminat\u00f6r\n<ul class=\"wp-block-list\">\n<li>Etkili Menzil \u22651 nautical mile<\/li>\n\n\n\n<li>Lazer I\u015f\u0131n A\u00e7\u0131s\u0131 0.8~72\u00b0<\/li>\n\n\n\n<li>Lazer S\u0131n\u0131f 4B<\/li>\n<\/ul>\n<\/li>\n\n\n\n<li>Gimbal\n<ul class=\"wp-block-list\">\n<li>Stabilizasyon &lt;50 \u03bcrad RMS<\/li>\n\n\n\n<li>Azimut A\u00e7\u0131s\u0131 360\u00b0 continous<\/li>\n\n\n\n<li>Y\u00fckseklik A\u00e7\u0131s\u0131 -15\u00b0, 60\u00b0<\/li>\n<\/ul>\n<\/li>\n<\/ul>\n\n\n\n<ul class=\"wp-block-list\"><\/ul>\n","protected":false},"excerpt":{"rendered":"","protected":false},"author":1,"featured_media":0,"parent":330,"menu_order":0,"comment_status":"closed","ping_status":"closed","template":"","meta":{"footnotes":""},"class_list":["post-340","page","type-page","status-publish","hentry"],"_links":{"self":[{"href":"https:\/\/kyodoelectronic.com\/index.php\/wp-json\/wp\/v2\/pages\/340","targetHints":{"allow":["GET"]}}],"collection":[{"href":"https:\/\/kyodoelectronic.com\/index.php\/wp-json\/wp\/v2\/pages"}],"about":[{"href":"https:\/\/kyodoelectronic.com\/index.php\/wp-json\/wp\/v2\/types\/page"}],"author":[{"embeddable":true,"href":"https:\/\/kyodoelectronic.com\/index.php\/wp-json\/wp\/v2\/users\/1"}],"replies":[{"embeddable":true,"href":"https:\/\/kyodoelectronic.com\/index.php\/wp-json\/wp\/v2\/comments?post=340"}],"version-history":[{"count":3,"href":"https:\/\/kyodoelectronic.com\/index.php\/wp-json\/wp\/v2\/pages\/340\/revisions"}],"predecessor-version":[{"id":345,"href":"https:\/\/kyodoelectronic.com\/index.php\/wp-json\/wp\/v2\/pages\/340\/revisions\/345"}],"up":[{"embeddable":true,"href":"https:\/\/kyodoelectronic.com\/index.php\/wp-json\/wp\/v2\/pages\/330"}],"wp:attachment":[{"href":"https:\/\/kyodoelectronic.com\/index.php\/wp-json\/wp\/v2\/media?parent=340"}],"curies":[{"name":"wp","href":"https:\/\/api.w.org\/{rel}","templated":true}]}}