{"id":333,"date":"2024-09-09T18:35:52","date_gmt":"2024-09-09T15:35:52","guid":{"rendered":"https:\/\/kyodoelectronic.com\/index.php\/gimbal-sistemleri\/iha-gimbal-sistemleri\/vg-falcon-tracer-28-yuksek-performansli-e-o-gozetleme-sistemi\/"},"modified":"2024-09-10T15:41:11","modified_gmt":"2024-09-10T12:41:11","slug":"vg-falcon-tracer-28-yuksek-performansli-e-o-gozetleme-sistemi","status":"publish","type":"page","link":"https:\/\/kyodoelectronic.com\/index.php\/gimbal-sistemleri\/iha-gimbal-sistemleri\/vg-falcon-tracer-28-yuksek-performansli-e-o-gozetleme-sistemi\/","title":{"rendered":"VG Falcon Tracer 28 Y\u00fcksek Performansl\u0131 E\/O G\u00f6zetleme Sistemi"},"content":{"rendered":"\n<figure class=\"wp-block-gallery has-nested-images columns-default is-cropped wp-block-gallery-1 is-layout-flex wp-block-gallery-is-layout-flex\">\n<figure class=\"wp-block-image size-large\"><img loading=\"lazy\" decoding=\"async\" width=\"1024\" height=\"362\" data-id=\"337\" src=\"https:\/\/kyodoelectronic.com\/wp-content\/uploads\/2024\/09\/Falcon-Tracer-28-1024x362.png\" alt=\"\" class=\"wp-image-337\" srcset=\"https:\/\/kyodoelectronic.com\/wp-content\/uploads\/2024\/09\/Falcon-Tracer-28-1024x362.png 1024w, https:\/\/kyodoelectronic.com\/wp-content\/uploads\/2024\/09\/Falcon-Tracer-28-300x106.png 300w, https:\/\/kyodoelectronic.com\/wp-content\/uploads\/2024\/09\/Falcon-Tracer-28-768x272.png 768w, https:\/\/kyodoelectronic.com\/wp-content\/uploads\/2024\/09\/Falcon-Tracer-28-990x350.png 990w, https:\/\/kyodoelectronic.com\/wp-content\/uploads\/2024\/09\/Falcon-Tracer-28.png 1201w\" sizes=\"auto, (max-width: 1024px) 100vw, 1024px\" \/><\/figure>\n<\/figure>\n\n\n\n<p>Geli\u015fmi\u015f so\u011futmal\u0131 Termal\/G\u00fcnd\u00fcz-Gece kameralar\u0131 ile donat\u0131lm\u0131\u015f, \u0130HA ve helikopter platformlar\u0131 i\u00e7in tasarlanm\u0131\u015f stabil bi elektro optik bir sistemdir.<\/p>\n\n\n\n<ul class=\"wp-block-list\">\n<li>MWIR Termal Kamera (Opsiyonel HD)<\/li>\n\n\n\n<li>VNIR G\u00fcnd\u00fcz Gece Kamera<\/li>\n\n\n\n<li>Lazer Mesafe \u00d6l\u00e7er<\/li>\n\n\n\n<li>Lazer Hedef Noktalay\u0131c\u0131 (STANAG 3733 ile uyumlu)<\/li>\n\n\n\n<li>GEO-LOC\/GEO TRACK (Opsiyonel)<\/li>\n\n\n\n<li>Yerle\u015fik Video Kayd\u0131<\/li>\n\n\n\n<li>\u00c7oklu Hedef Takibi<\/li>\n\n\n\n<li><strong>Stabilizasyon:&nbsp;<\/strong>&lt;20 \u03bcrad rms (4-axis)<\/li>\n\n\n\n<li><strong>Yatayda Hareket:&nbsp;<\/strong>360\u00b0 s\u00fcrekli<\/li>\n\n\n\n<li><strong>Dikeyde Hareket:&nbsp;<\/strong>-120\u2070 to 15\u2070 aral\u0131\u011f\u0131nda<\/li>\n\n\n\n<li><strong>A\u011f\u0131rl\u0131k:&nbsp;<\/strong>&lt;20 kg<\/li>\n\n\n\n<li><strong>Video \u00c7\u00f6z\u00fcn\u00fcrl\u00fck:&nbsp;<\/strong>HD<\/li>\n<\/ul>\n\n\n\n<ul class=\"wp-block-list\"><\/ul>\n","protected":false},"excerpt":{"rendered":"<p>Geli\u015fmi\u015f so\u011futmal\u0131 Termal\/G\u00fcnd\u00fcz-Gece kameralar\u0131 ile donat\u0131lm\u0131\u015f, \u0130HA ve helikopter platformlar\u0131 i\u00e7in tasarlanm\u0131\u015f stabil bi elektro optik bir sistemdir.<\/p>\n","protected":false},"author":1,"featured_media":0,"parent":329,"menu_order":0,"comment_status":"closed","ping_status":"closed","template":"","meta":{"footnotes":""},"class_list":["post-333","page","type-page","status-publish","hentry"],"_links":{"self":[{"href":"https:\/\/kyodoelectronic.com\/index.php\/wp-json\/wp\/v2\/pages\/333","targetHints":{"allow":["GET"]}}],"collection":[{"href":"https:\/\/kyodoelectronic.com\/index.php\/wp-json\/wp\/v2\/pages"}],"about":[{"href":"https:\/\/kyodoelectronic.com\/index.php\/wp-json\/wp\/v2\/types\/page"}],"author":[{"embeddable":true,"href":"https:\/\/kyodoelectronic.com\/index.php\/wp-json\/wp\/v2\/users\/1"}],"replies":[{"embeddable":true,"href":"https:\/\/kyodoelectronic.com\/index.php\/wp-json\/wp\/v2\/comments?post=333"}],"version-history":[{"count":2,"href":"https:\/\/kyodoelectronic.com\/index.php\/wp-json\/wp\/v2\/pages\/333\/revisions"}],"predecessor-version":[{"id":339,"href":"https:\/\/kyodoelectronic.com\/index.php\/wp-json\/wp\/v2\/pages\/333\/revisions\/339"}],"up":[{"embeddable":true,"href":"https:\/\/kyodoelectronic.com\/index.php\/wp-json\/wp\/v2\/pages\/329"}],"wp:attachment":[{"href":"https:\/\/kyodoelectronic.com\/index.php\/wp-json\/wp\/v2\/media?parent=333"}],"curies":[{"name":"wp","href":"https:\/\/api.w.org\/{rel}","templated":true}]}}