{"id":332,"date":"2024-09-09T18:35:52","date_gmt":"2024-09-09T15:35:52","guid":{"rendered":"https:\/\/kyodoelectronic.com\/index.php\/gimbal-sistemleri\/iha-gimbal-sistemleri\/vg-18-falcon-tracer-yuksek-performansli-e-o-gozetleme-sistemi\/"},"modified":"2024-09-10T15:41:06","modified_gmt":"2024-09-10T12:41:06","slug":"vg-18-falcon-tracer-yuksek-performansli-e-o-gozetleme-sistemi","status":"publish","type":"page","link":"https:\/\/kyodoelectronic.com\/index.php\/gimbal-sistemleri\/iha-gimbal-sistemleri\/vg-18-falcon-tracer-yuksek-performansli-e-o-gozetleme-sistemi\/","title":{"rendered":"VG 18 Falcon Tracer Y\u00fcksek Performansl\u0131 E\/O G\u00f6zetleme Sistemi"},"content":{"rendered":"\n<figure class=\"wp-block-gallery has-nested-images columns-default is-cropped wp-block-gallery-1 is-layout-flex wp-block-gallery-is-layout-flex\">\n<figure class=\"wp-block-image size-large\"><img loading=\"lazy\" decoding=\"async\" width=\"1024\" height=\"362\" data-id=\"334\" src=\"https:\/\/kyodoelectronic.com\/wp-content\/uploads\/2024\/09\/VG-18-FALCON-1024x362.png\" alt=\"\" class=\"wp-image-334\" srcset=\"https:\/\/kyodoelectronic.com\/wp-content\/uploads\/2024\/09\/VG-18-FALCON-1024x362.png 1024w, https:\/\/kyodoelectronic.com\/wp-content\/uploads\/2024\/09\/VG-18-FALCON-300x106.png 300w, https:\/\/kyodoelectronic.com\/wp-content\/uploads\/2024\/09\/VG-18-FALCON-768x272.png 768w, https:\/\/kyodoelectronic.com\/wp-content\/uploads\/2024\/09\/VG-18-FALCON-990x350.png 990w, https:\/\/kyodoelectronic.com\/wp-content\/uploads\/2024\/09\/VG-18-FALCON.png 1201w\" sizes=\"auto, (max-width: 1024px) 100vw, 1024px\" \/><\/figure>\n<\/figure>\n\n\n\n<p>Geli\u015fmi\u015f so\u011futmal\u0131 Termal\/G\u00fcnd\u00fcz-Gece kameralar\u0131 ile donat\u0131lm\u0131\u015f, mini \u0130HA ve taktik \u0130HA platformlar\u0131 i\u00e7in tasarlanm\u0131\u015f bir g\u00f6zetleme gimbalidir.<\/p>\n\n\n\n<ul class=\"wp-block-list\">\n<li>Stabilizasyon: &lt;70 \u03bcrad rms (2-axis)<\/li>\n\n\n\n<li>Yatayda Hareket: 360\u00b0 s\u00fcrekli<\/li>\n\n\n\n<li>Yatayda Hareket: -10\u2070 to 80\u2070 aral\u0131\u011f\u0131nda<\/li>\n\n\n\n<li>A\u011f\u0131rl\u0131k: &lt;4 kg<\/li>\n\n\n\n<li>Video \u00c7\u00f6z\u00fcn\u00fcrl\u00fck: HD<\/li>\n\n\n\n<li>Boyut: 180 x 230 mm<\/li>\n<\/ul>\n","protected":false},"excerpt":{"rendered":"<p>Geli\u015fmi\u015f so\u011futmal\u0131 Termal\/G\u00fcnd\u00fcz-Gece kameralar\u0131 ile donat\u0131lm\u0131\u015f, mini \u0130HA ve taktik \u0130HA platformlar\u0131 i\u00e7in tasarlanm\u0131\u015f bir g\u00f6zetleme gimbalidir.<\/p>\n","protected":false},"author":1,"featured_media":0,"parent":329,"menu_order":0,"comment_status":"closed","ping_status":"closed","template":"","meta":{"footnotes":""},"class_list":["post-332","page","type-page","status-publish","hentry"],"_links":{"self":[{"href":"https:\/\/kyodoelectronic.com\/index.php\/wp-json\/wp\/v2\/pages\/332","targetHints":{"allow":["GET"]}}],"collection":[{"href":"https:\/\/kyodoelectronic.com\/index.php\/wp-json\/wp\/v2\/pages"}],"about":[{"href":"https:\/\/kyodoelectronic.com\/index.php\/wp-json\/wp\/v2\/types\/page"}],"author":[{"embeddable":true,"href":"https:\/\/kyodoelectronic.com\/index.php\/wp-json\/wp\/v2\/users\/1"}],"replies":[{"embeddable":true,"href":"https:\/\/kyodoelectronic.com\/index.php\/wp-json\/wp\/v2\/comments?post=332"}],"version-history":[{"count":2,"href":"https:\/\/kyodoelectronic.com\/index.php\/wp-json\/wp\/v2\/pages\/332\/revisions"}],"predecessor-version":[{"id":336,"href":"https:\/\/kyodoelectronic.com\/index.php\/wp-json\/wp\/v2\/pages\/332\/revisions\/336"}],"up":[{"embeddable":true,"href":"https:\/\/kyodoelectronic.com\/index.php\/wp-json\/wp\/v2\/pages\/329"}],"wp:attachment":[{"href":"https:\/\/kyodoelectronic.com\/index.php\/wp-json\/wp\/v2\/media?parent=332"}],"curies":[{"name":"wp","href":"https:\/\/api.w.org\/{rel}","templated":true}]}}