{"id":315,"date":"2024-09-09T16:13:41","date_gmt":"2024-09-09T13:13:41","guid":{"rendered":"https:\/\/kyodoelectronic.com\/index.php\/tyermal-sistemler\/multi-sensor-sistemler\/qeye-mms-1-termal-monokuler\/"},"modified":"2024-09-10T15:37:44","modified_gmt":"2024-09-10T12:37:44","slug":"qeye-mms-1-termal-monokuler","status":"publish","type":"page","link":"https:\/\/kyodoelectronic.com\/index.php\/tyermal-sistemler\/multi-sensor-sistemler\/qeye-mms-1-termal-monokuler\/","title":{"rendered":"QEYE MMS-1 Termal Monok\u00fcler"},"content":{"rendered":"\n<figure class=\"wp-block-gallery has-nested-images columns-default is-cropped wp-block-gallery-1 is-layout-flex wp-block-gallery-is-layout-flex\">\n<figure class=\"wp-block-image size-large\"><img loading=\"lazy\" decoding=\"async\" width=\"1024\" height=\"362\" data-id=\"323\" src=\"https:\/\/kyodoelectronic.com\/wp-content\/uploads\/2024\/09\/QEYE-MMS-1-1024x362.png\" alt=\"\" class=\"wp-image-323\" srcset=\"https:\/\/kyodoelectronic.com\/wp-content\/uploads\/2024\/09\/QEYE-MMS-1-1024x362.png 1024w, https:\/\/kyodoelectronic.com\/wp-content\/uploads\/2024\/09\/QEYE-MMS-1-300x106.png 300w, https:\/\/kyodoelectronic.com\/wp-content\/uploads\/2024\/09\/QEYE-MMS-1-768x272.png 768w, https:\/\/kyodoelectronic.com\/wp-content\/uploads\/2024\/09\/QEYE-MMS-1-990x350.png 990w, https:\/\/kyodoelectronic.com\/wp-content\/uploads\/2024\/09\/QEYE-MMS-1.png 1201w\" sizes=\"auto, (max-width: 1024px) 100vw, 1024px\" \/><\/figure>\n<\/figure>\n\n\n\n<p>QEYE 007 tehditlerin uzak mesafeden tespiti, tan\u0131mlanmas\u0131, koordinatlar\u0131n\u0131n belirlenmesi ve haberle\u015fme birimleri \u00fczerinden ate\u015f destek unsurlar\u0131n\u0131n y\u00f6nlendirilmesi amac\u0131yla kullan\u0131lan modern ordular\u0131n taktik saha ihtiya\u00e7lar\u0131n\u0131 kar\u015f\u0131lamak \u00fczere tasarlan elde ta\u015f\u0131n\u0131r bir sistemdir.<\/p>\n\n\n\n<ul class=\"wp-block-list\">\n<li>16x d\u00fc\u015f\u00fck \u0131\u015f\u0131k g\u00fcnd\u00fcz kameras\u0131<\/li>\n\n\n\n<li>D\u00fc\u015f\u00fck \u0131\u015f\u0131k g\u00fcnd\u00fcz kamera \u00e7\u00f6z\u00fcn\u00fcrl\u00fck: 1920&#215;1080 px<\/li>\n\n\n\n<li>Lazer mesafe bulucu menzil: 30 km<\/li>\n\n\n\n<li>A\u011f\u0131rl\u0131k: &lt;1.7 kg<\/li>\n<\/ul>\n","protected":false},"excerpt":{"rendered":"<p>QEYE 007 tehditlerin uzak mesafeden tespiti, tan\u0131mlanmas\u0131, koordinatlar\u0131n\u0131n belirlenmesi ve haberle\u015fme birimleri \u00fczerinden ate\u015f destek unsurlar\u0131n\u0131n y\u00f6nlendirilmesi amac\u0131yla kullan\u0131lan modern &hellip; <a href=\"https:\/\/kyodoelectronic.com\/index.php\/tyermal-sistemler\/multi-sensor-sistemler\/qeye-mms-1-termal-monokuler\/\" class=\"more-link\"><span class=\"more-button\">Continue Reading<span class=\"screen-reader-text\">QEYE MMS-1 Termal Monok\u00fcler<\/span><\/span><\/a><\/p>\n","protected":false},"author":1,"featured_media":0,"parent":260,"menu_order":1,"comment_status":"closed","ping_status":"closed","template":"","meta":{"footnotes":""},"class_list":["post-315","page","type-page","status-publish","hentry"],"_links":{"self":[{"href":"https:\/\/kyodoelectronic.com\/index.php\/wp-json\/wp\/v2\/pages\/315","targetHints":{"allow":["GET"]}}],"collection":[{"href":"https:\/\/kyodoelectronic.com\/index.php\/wp-json\/wp\/v2\/pages"}],"about":[{"href":"https:\/\/kyodoelectronic.com\/index.php\/wp-json\/wp\/v2\/types\/page"}],"author":[{"embeddable":true,"href":"https:\/\/kyodoelectronic.com\/index.php\/wp-json\/wp\/v2\/users\/1"}],"replies":[{"embeddable":true,"href":"https:\/\/kyodoelectronic.com\/index.php\/wp-json\/wp\/v2\/comments?post=315"}],"version-history":[{"count":1,"href":"https:\/\/kyodoelectronic.com\/index.php\/wp-json\/wp\/v2\/pages\/315\/revisions"}],"predecessor-version":[{"id":324,"href":"https:\/\/kyodoelectronic.com\/index.php\/wp-json\/wp\/v2\/pages\/315\/revisions\/324"}],"up":[{"embeddable":true,"href":"https:\/\/kyodoelectronic.com\/index.php\/wp-json\/wp\/v2\/pages\/260"}],"wp:attachment":[{"href":"https:\/\/kyodoelectronic.com\/index.php\/wp-json\/wp\/v2\/media?parent=315"}],"curies":[{"name":"wp","href":"https:\/\/api.w.org\/{rel}","templated":true}]}}