{"id":314,"date":"2024-09-09T16:13:41","date_gmt":"2024-09-09T13:13:41","guid":{"rendered":"https:\/\/kyodoelectronic.com\/index.php\/tyermal-sistemler\/multi-sensor-sistemler\/engerek-9-cok-fonksiyonlu-sogutmali-portatif-termal-durbun\/"},"modified":"2024-09-10T15:37:29","modified_gmt":"2024-09-10T12:37:29","slug":"engerek-9-cok-fonksiyonlu-sogutmali-portatif-termal-durbun","status":"publish","type":"page","link":"https:\/\/kyodoelectronic.com\/index.php\/tyermal-sistemler\/multi-sensor-sistemler\/engerek-9-cok-fonksiyonlu-sogutmali-portatif-termal-durbun\/","title":{"rendered":"ENGEREK\u00ae 9 \u00c7ok Fonksiyonlu So\u011futmal\u0131 Portatif Termal D\u00fcrb\u00fcn"},"content":{"rendered":"\n<figure class=\"wp-block-gallery has-nested-images columns-default is-cropped wp-block-gallery-1 is-layout-flex wp-block-gallery-is-layout-flex\">\n<figure class=\"wp-block-image size-large\"><img loading=\"lazy\" decoding=\"async\" width=\"1024\" height=\"362\" data-id=\"320\" src=\"https:\/\/kyodoelectronic.com\/wp-content\/uploads\/2024\/09\/ENGEREK-9-1024x362.png\" alt=\"\" class=\"wp-image-320\" srcset=\"https:\/\/kyodoelectronic.com\/wp-content\/uploads\/2024\/09\/ENGEREK-9-1024x362.png 1024w, https:\/\/kyodoelectronic.com\/wp-content\/uploads\/2024\/09\/ENGEREK-9-300x106.png 300w, https:\/\/kyodoelectronic.com\/wp-content\/uploads\/2024\/09\/ENGEREK-9-768x272.png 768w, https:\/\/kyodoelectronic.com\/wp-content\/uploads\/2024\/09\/ENGEREK-9-990x350.png 990w, https:\/\/kyodoelectronic.com\/wp-content\/uploads\/2024\/09\/ENGEREK-9.png 1201w\" sizes=\"auto, (max-width: 1024px) 100vw, 1024px\" \/><\/figure>\n<\/figure>\n\n\n\n<p>ENGEREK\u00ae9, \u00c7ok Fonksiyonlu So\u011futmal\u0131 El Tipi bir termal d\u00fcrb\u00fcn g\u00f6r\u00fcnt\u00fcleyicisidir.<\/p>\n\n\n\n<ul class=\"wp-block-list\">\n<li>Optik ve Dijital B\u00fcy\u00fctmeye sahip MWIR So\u011futmal\u0131 Termal Kamera<\/li>\n\n\n\n<li>Termal otomatik kazan\u00e7\/palet\/kontrast\/kazan\u00e7 alan\u0131 se\u00e7imi\/detayland\u0131rma<\/li>\n\n\n\n<li>Optik ve Dijital B\u00fcy\u00fctmeye sahip D\u00fc\u015f\u00fck I\u015f\u0131k G\u00fcnd\u00fcz Kameras\u0131<\/li>\n\n\n\n<li>Ethernet, Wifi ile video aktar\u0131m\u0131, f\u00fczyon, g\u00f6r\u00fcnt\u00fc stabilizasyonu, oto fokus, PiP elektronik zoom<\/li>\n\n\n\n<li>Foto\u011fraf\/video \u00e7ekme ve dahili haf\u0131zada g\u00f6r\u00fcnt\u00fcleme fonksiyonu<\/li>\n\n\n\n<li>Dahili haf\u0131zadaki kay\u0131tlar\u0131n USB belle\u011fe aktar\u0131m\u0131 ve USB belle\u011fe video kay\u0131t<\/li>\n\n\n\n<li>Lazer mesafe bulucu metre\/yard\/feet \u00f6l\u00e7\u00fcm<\/li>\n\n\n\n<li>Hedef dikey ve yatay mesafe, rak\u0131m, istikamet ve y\u00fckseklik a\u00e7\u0131lar\u0131 ve koordinat g\u00f6sterimi<\/li>\n\n\n\n<li>Co\u011frafi, UTM ve GRID koordinat tespiti<\/li>\n\n\n\n<li>Enerji Tasarrufu i\u00e7in G\u00fcnd\u00fcz\/Termal So\u011futucu Beklemede\/ Termal So\u011futucu Aktif modlar\u0131<\/li>\n\n\n\n<li>Operat\u00f6r Kontrol Birimi ile Hareketli Y\u00f6nlendirici ile \u00e7al\u0131\u015fma \u00f6zelli\u011fi<\/li>\n\n\n\n<li>Askeri tablet ile uzaktan kontrol \u00f6zelli\u011fi<\/li>\n\n\n\n<li>Video \u00e7\u0131k\u0131\u015f aray\u00fcz\u00fc, do\u011frudan ekrana ba\u011flant\u0131 \u00f6zelli\u011fi<\/li>\n<\/ul>\n","protected":false},"excerpt":{"rendered":"<p>ENGEREK\u00ae9, \u00c7ok Fonksiyonlu So\u011futmal\u0131 El Tipi bir termal d\u00fcrb\u00fcn g\u00f6r\u00fcnt\u00fcleyicisidir.<\/p>\n","protected":false},"author":1,"featured_media":0,"parent":260,"menu_order":4,"comment_status":"closed","ping_status":"closed","template":"","meta":{"footnotes":""},"class_list":["post-314","page","type-page","status-publish","hentry"],"_links":{"self":[{"href":"https:\/\/kyodoelectronic.com\/index.php\/wp-json\/wp\/v2\/pages\/314","targetHints":{"allow":["GET"]}}],"collection":[{"href":"https:\/\/kyodoelectronic.com\/index.php\/wp-json\/wp\/v2\/pages"}],"about":[{"href":"https:\/\/kyodoelectronic.com\/index.php\/wp-json\/wp\/v2\/types\/page"}],"author":[{"embeddable":true,"href":"https:\/\/kyodoelectronic.com\/index.php\/wp-json\/wp\/v2\/users\/1"}],"replies":[{"embeddable":true,"href":"https:\/\/kyodoelectronic.com\/index.php\/wp-json\/wp\/v2\/comments?post=314"}],"version-history":[{"count":2,"href":"https:\/\/kyodoelectronic.com\/index.php\/wp-json\/wp\/v2\/pages\/314\/revisions"}],"predecessor-version":[{"id":322,"href":"https:\/\/kyodoelectronic.com\/index.php\/wp-json\/wp\/v2\/pages\/314\/revisions\/322"}],"up":[{"embeddable":true,"href":"https:\/\/kyodoelectronic.com\/index.php\/wp-json\/wp\/v2\/pages\/260"}],"wp:attachment":[{"href":"https:\/\/kyodoelectronic.com\/index.php\/wp-json\/wp\/v2\/media?parent=314"}],"curies":[{"name":"wp","href":"https:\/\/api.w.org\/{rel}","templated":true}]}}