{"id":313,"date":"2024-09-09T16:13:41","date_gmt":"2024-09-09T13:13:41","guid":{"rendered":"https:\/\/kyodoelectronic.com\/index.php\/tyermal-sistemler\/multi-sensor-sistemler\/guard-optik-gunduz-gece-gozetleme-sistemi\/"},"modified":"2024-09-10T15:37:17","modified_gmt":"2024-09-10T12:37:17","slug":"guard-optik-gunduz-gece-gozetleme-sistemi","status":"publish","type":"page","link":"https:\/\/kyodoelectronic.com\/index.php\/tyermal-sistemler\/multi-sensor-sistemler\/guard-optik-gunduz-gece-gozetleme-sistemi\/","title":{"rendered":"GUARD Optik G\u00fcnd\u00fcz\/Gece G\u00f6zetleme Sistemi"},"content":{"rendered":"\n<figure class=\"wp-block-gallery has-nested-images columns-default is-cropped wp-block-gallery-1 is-layout-flex wp-block-gallery-is-layout-flex\">\n<figure class=\"wp-block-image size-large\"><img loading=\"lazy\" decoding=\"async\" width=\"1024\" height=\"362\" data-id=\"317\" src=\"https:\/\/kyodoelectronic.com\/wp-content\/uploads\/2024\/09\/GUARD-Optik-1024x362.png\" alt=\"\" class=\"wp-image-317\" srcset=\"https:\/\/kyodoelectronic.com\/wp-content\/uploads\/2024\/09\/GUARD-Optik-1024x362.png 1024w, https:\/\/kyodoelectronic.com\/wp-content\/uploads\/2024\/09\/GUARD-Optik-300x106.png 300w, https:\/\/kyodoelectronic.com\/wp-content\/uploads\/2024\/09\/GUARD-Optik-768x272.png 768w, https:\/\/kyodoelectronic.com\/wp-content\/uploads\/2024\/09\/GUARD-Optik-990x350.png 990w, https:\/\/kyodoelectronic.com\/wp-content\/uploads\/2024\/09\/GUARD-Optik.png 1201w\" sizes=\"auto, (max-width: 1024px) 100vw, 1024px\" \/><\/figure>\n<\/figure>\n\n\n\n<p>GUARD, otomatik hedef tespiti ve hareketli hedef takibi \u00f6zelliklerine sahip \u00e7ok sens\u00f6rl\u00fc kamerad\u0131r. Cihaz, SWIR Kamera, MWIR so\u011futmal\u0131 termal kamera, d\u00fc\u015f\u00fck \u0131\u015f\u0131k g\u00fcnd\u00fcz kameras\u0131, lazer mesafe bulucu, lazer i\u015faretleyici, GPS ve elektronik pusula ile entegre edilmi\u015ftir.<\/p>\n\n\n\n<ul class=\"wp-block-list\">\n<li>\u00c7oklu Hedef Tespiti ve Hareketli Hedef Takibi.<\/li>\n\n\n\n<li>Optik ve Dijital B\u00fcy\u00fctmeye sahip MWIR So\u011futmal\u0131 Termal Kamera<\/li>\n\n\n\n<li>SWIR kamera birimi<\/li>\n\n\n\n<li>Termal otomatik kazan\u00e7\/palet\/kontrast\/kazan\u00e7 alan\u0131 se\u00e7imi\/detayland\u0131rma<\/li>\n\n\n\n<li>Optik ve Dijital B\u00fcy\u00fctmeye sahip D\u00fc\u015f\u00fck I\u015f\u0131k G\u00fcnd\u00fcz Kameras\u0131<\/li>\n\n\n\n<li>Lazer mesafe bulucu metre\/yard\/feet \u00f6l\u00e7\u00fcm<\/li>\n\n\n\n<li>Hedef dikey ve yatay mesafe, rak\u0131m, istikamet ve y\u00fckseklik a\u00e7\u0131lar\u0131 ve koordinat g\u00f6sterimi<\/li>\n<\/ul>\n","protected":false},"excerpt":{"rendered":"<p>GUARD, otomatik hedef tespiti ve hareketli hedef takibi \u00f6zelliklerine sahip \u00e7ok sens\u00f6rl\u00fc kamerad\u0131r. Cihaz, SWIR Kamera, MWIR so\u011futmal\u0131 termal kamera, &hellip; <a href=\"https:\/\/kyodoelectronic.com\/index.php\/tyermal-sistemler\/multi-sensor-sistemler\/guard-optik-gunduz-gece-gozetleme-sistemi\/\" class=\"more-link\"><span class=\"more-button\">Continue Reading<span class=\"screen-reader-text\">GUARD Optik G\u00fcnd\u00fcz\/Gece G\u00f6zetleme Sistemi<\/span><\/span><\/a><\/p>\n","protected":false},"author":1,"featured_media":0,"parent":260,"menu_order":0,"comment_status":"closed","ping_status":"closed","template":"","meta":{"footnotes":""},"class_list":["post-313","page","type-page","status-publish","hentry"],"_links":{"self":[{"href":"https:\/\/kyodoelectronic.com\/index.php\/wp-json\/wp\/v2\/pages\/313","targetHints":{"allow":["GET"]}}],"collection":[{"href":"https:\/\/kyodoelectronic.com\/index.php\/wp-json\/wp\/v2\/pages"}],"about":[{"href":"https:\/\/kyodoelectronic.com\/index.php\/wp-json\/wp\/v2\/types\/page"}],"author":[{"embeddable":true,"href":"https:\/\/kyodoelectronic.com\/index.php\/wp-json\/wp\/v2\/users\/1"}],"replies":[{"embeddable":true,"href":"https:\/\/kyodoelectronic.com\/index.php\/wp-json\/wp\/v2\/comments?post=313"}],"version-history":[{"count":2,"href":"https:\/\/kyodoelectronic.com\/index.php\/wp-json\/wp\/v2\/pages\/313\/revisions"}],"predecessor-version":[{"id":319,"href":"https:\/\/kyodoelectronic.com\/index.php\/wp-json\/wp\/v2\/pages\/313\/revisions\/319"}],"up":[{"embeddable":true,"href":"https:\/\/kyodoelectronic.com\/index.php\/wp-json\/wp\/v2\/pages\/260"}],"wp:attachment":[{"href":"https:\/\/kyodoelectronic.com\/index.php\/wp-json\/wp\/v2\/media?parent=313"}],"curies":[{"name":"wp","href":"https:\/\/api.w.org\/{rel}","templated":true}]}}