{"id":307,"date":"2024-09-09T16:07:30","date_gmt":"2024-09-09T13:07:30","guid":{"rendered":"https:\/\/kyodoelectronic.com\/index.php\/tyermal-sistemler\/fuzyon-sistemler\/qeye-007-b18-fuzyon-binokuler\/"},"modified":"2024-09-10T15:36:01","modified_gmt":"2024-09-10T12:36:01","slug":"qeye-007-b18-fuzyon-binokuler","status":"publish","type":"page","link":"https:\/\/kyodoelectronic.com\/index.php\/tyermal-sistemler\/fuzyon-sistemler\/qeye-007-b18-fuzyon-binokuler\/","title":{"rendered":"QEYE 007 B18 F\u00fczyon Binok\u00fcler"},"content":{"rendered":"\n<figure class=\"wp-block-gallery has-nested-images columns-default is-cropped wp-block-gallery-1 is-layout-flex wp-block-gallery-is-layout-flex\">\n<figure class=\"wp-block-image size-large\"><img loading=\"lazy\" decoding=\"async\" width=\"1024\" height=\"362\" data-id=\"309\" src=\"https:\/\/kyodoelectronic.com\/wp-content\/uploads\/2024\/09\/QEYE-007-1024x362.png\" alt=\"\" class=\"wp-image-309\" srcset=\"https:\/\/kyodoelectronic.com\/wp-content\/uploads\/2024\/09\/QEYE-007-1024x362.png 1024w, https:\/\/kyodoelectronic.com\/wp-content\/uploads\/2024\/09\/QEYE-007-300x106.png 300w, https:\/\/kyodoelectronic.com\/wp-content\/uploads\/2024\/09\/QEYE-007-768x272.png 768w, https:\/\/kyodoelectronic.com\/wp-content\/uploads\/2024\/09\/QEYE-007-990x350.png 990w, https:\/\/kyodoelectronic.com\/wp-content\/uploads\/2024\/09\/QEYE-007.png 1201w\" sizes=\"auto, (max-width: 1024px) 100vw, 1024px\" \/><\/figure>\n<\/figure>\n\n\n\n<p>Qeye 007\u00ae-B18 Serisi F\u00fczyon Binok\u00fcler k\u0131sa ve orta menzilli mesafelerde g\u00f6zetleme ve ke\u015fif i\u00e7in tasarlanm\u0131\u015f gece g\u00f6r\u00fc\u015f ile termal g\u00f6r\u00fcnt\u00fcy\u00fc optik f\u00fczyon ile birle\u015ftirebilen bir F\u00fczyon Binok\u00fcler D\u00fcrb\u00fcnd\u00fcr. Gece g\u00f6r\u00fc\u015f g\u00f6zl\u00fc\u011f\u00fc gibi \u0131\u015f\u0131k y\u00fckseltme, termal kamera gibi \u0131s\u0131 alg\u0131lama \u00f6zelliklerini bir arada bulundurur.<br>Gece ve g\u00fcnd\u00fcz kullan\u0131m\u0131na uygundur. Kullan\u0131c\u0131ya en iyi g\u00f6r\u00fcnt\u00fcy\u00fc verebilmek i\u00e7in sadece gece g\u00f6r\u00fc\u015f, sadece termal kamera veya ikisinin istenen oranda kar\u0131\u015f\u0131m\u0131n\u0131 ayarlanmas\u0131n\u0131 sa\u011flar.<\/p>\n\n\n\n<ul class=\"wp-block-list\">\n<li>Optik Yak\u0131nla\u015ft\u0131rma: 1x \u00b1 0.05<\/li>\n\n\n\n<li>Termal Kamera Dedekt\u00f6r\u00fc: 640&#215;480 pixel ve 12 micron (Thermal)<\/li>\n\n\n\n<li>G\u00f6r\u00fcnt\u00fc Yo\u011funla\u015ft\u0131r\u0131c\u0131 T\u00fcp: 18mm, Gen 2+ veya Gen 3 (Night Vision)<\/li>\n\n\n\n<li>Ekran: Renkli OLED (Termal)<\/li>\n<\/ul>\n","protected":false},"excerpt":{"rendered":"<p>Qeye 007\u00ae-B18 Serisi F\u00fczyon Binok\u00fcler k\u0131sa ve orta menzilli mesafelerde g\u00f6zetleme ve ke\u015fif i\u00e7in tasarlanm\u0131\u015f gece g\u00f6r\u00fc\u015f ile termal g\u00f6r\u00fcnt\u00fcy\u00fc &hellip; <a href=\"https:\/\/kyodoelectronic.com\/index.php\/tyermal-sistemler\/fuzyon-sistemler\/qeye-007-b18-fuzyon-binokuler\/\" class=\"more-link\"><span class=\"more-button\">Continue Reading<span class=\"screen-reader-text\">QEYE 007 B18 F\u00fczyon Binok\u00fcler<\/span><\/span><\/a><\/p>\n","protected":false},"author":1,"featured_media":0,"parent":259,"menu_order":0,"comment_status":"closed","ping_status":"closed","template":"","meta":{"footnotes":""},"class_list":["post-307","page","type-page","status-publish","hentry"],"_links":{"self":[{"href":"https:\/\/kyodoelectronic.com\/index.php\/wp-json\/wp\/v2\/pages\/307","targetHints":{"allow":["GET"]}}],"collection":[{"href":"https:\/\/kyodoelectronic.com\/index.php\/wp-json\/wp\/v2\/pages"}],"about":[{"href":"https:\/\/kyodoelectronic.com\/index.php\/wp-json\/wp\/v2\/types\/page"}],"author":[{"embeddable":true,"href":"https:\/\/kyodoelectronic.com\/index.php\/wp-json\/wp\/v2\/users\/1"}],"replies":[{"embeddable":true,"href":"https:\/\/kyodoelectronic.com\/index.php\/wp-json\/wp\/v2\/comments?post=307"}],"version-history":[{"count":2,"href":"https:\/\/kyodoelectronic.com\/index.php\/wp-json\/wp\/v2\/pages\/307\/revisions"}],"predecessor-version":[{"id":311,"href":"https:\/\/kyodoelectronic.com\/index.php\/wp-json\/wp\/v2\/pages\/307\/revisions\/311"}],"up":[{"embeddable":true,"href":"https:\/\/kyodoelectronic.com\/index.php\/wp-json\/wp\/v2\/pages\/259"}],"wp:attachment":[{"href":"https:\/\/kyodoelectronic.com\/index.php\/wp-json\/wp\/v2\/media?parent=307"}],"curies":[{"name":"wp","href":"https:\/\/api.w.org\/{rel}","templated":true}]}}