{"id":297,"date":"2024-09-09T15:06:39","date_gmt":"2024-09-09T12:06:39","guid":{"rendered":"https:\/\/kyodoelectronic.com\/index.php\/tyermal-sistemler\/gunduz-gorus-sistemleri\/8x32-gunduz-el-durbunu\/"},"modified":"2024-09-10T15:34:22","modified_gmt":"2024-09-10T12:34:22","slug":"8x32-gunduz-el-durbunu","status":"publish","type":"page","link":"https:\/\/kyodoelectronic.com\/index.php\/tyermal-sistemler\/gunduz-gorus-sistemleri\/8x32-gunduz-el-durbunu\/","title":{"rendered":"8&#215;32 G\u00fcnd\u00fcz El D\u00fcrb\u00fcn\u00fc"},"content":{"rendered":"\n<figure class=\"wp-block-gallery has-nested-images columns-default is-cropped wp-block-gallery-1 is-layout-flex wp-block-gallery-is-layout-flex\">\n<figure class=\"wp-block-image size-large\"><img loading=\"lazy\" decoding=\"async\" width=\"1024\" height=\"362\" data-id=\"299\" src=\"https:\/\/kyodoelectronic.com\/wp-content\/uploads\/2024\/09\/8X32-1024x362.png\" alt=\"\" class=\"wp-image-299\" srcset=\"https:\/\/kyodoelectronic.com\/wp-content\/uploads\/2024\/09\/8X32-1024x362.png 1024w, https:\/\/kyodoelectronic.com\/wp-content\/uploads\/2024\/09\/8X32-300x106.png 300w, https:\/\/kyodoelectronic.com\/wp-content\/uploads\/2024\/09\/8X32-768x272.png 768w, https:\/\/kyodoelectronic.com\/wp-content\/uploads\/2024\/09\/8X32-990x350.png 990w, https:\/\/kyodoelectronic.com\/wp-content\/uploads\/2024\/09\/8X32.png 1201w\" sizes=\"auto, (max-width: 1024px) 100vw, 1024px\" \/><\/figure>\n<\/figure>\n\n\n\n<p>8\u00d732 G\u00fcnd\u00fcz D\u00fcrb\u00fcn\u00fcnde maksimum g\u00f6r\u00fcnt\u00fc kalitesi ve parlakl\u0131k i\u00e7in hassas optik teknolojisi kullan\u0131lm\u0131\u015ft\u0131r. Askeri standartlarda dayan\u0131kl\u0131 g\u00f6vdeye sahip, hafif bir el d\u00fcrb\u00fcn\u00fcd\u00fcr.<\/p>\n\n\n\n<ul class=\"wp-block-list\">\n<li>B\u00fcy\u00fctme 8x<\/li>\n\n\n\n<li>Objektif \u00c7ap\u0131 30mm<\/li>\n\n\n\n<li>\u00c7\u0131k\u0131\u015f Pupil \u00c7ap\u0131 3,85mm<\/li>\n\n\n\n<li>A\u00e7\u0131sal G\u00f6r\u00fc\u015f Alan\u0131 6,8\u00ba<\/li>\n\n\n\n<li>Prizma Tipi Roof Prizmas\u0131<\/li>\n\n\n\n<li>l000m\u2019de G\u00f6r\u00fc\u015f Alan\u0131 120m<\/li>\n<\/ul>\n","protected":false},"excerpt":{"rendered":"<p>8\u00d732 G\u00fcnd\u00fcz D\u00fcrb\u00fcn\u00fcnde maksimum g\u00f6r\u00fcnt\u00fc kalitesi ve parlakl\u0131k i\u00e7in hassas optik teknolojisi kullan\u0131lm\u0131\u015ft\u0131r. Askeri standartlarda dayan\u0131kl\u0131 g\u00f6vdeye sahip, hafif bir &hellip; <a href=\"https:\/\/kyodoelectronic.com\/index.php\/tyermal-sistemler\/gunduz-gorus-sistemleri\/8x32-gunduz-el-durbunu\/\" class=\"more-link\"><span class=\"more-button\">Continue Reading<span class=\"screen-reader-text\">8&#215;32 G\u00fcnd\u00fcz El D\u00fcrb\u00fcn\u00fc<\/span><\/span><\/a><\/p>\n","protected":false},"author":1,"featured_media":0,"parent":258,"menu_order":25,"comment_status":"closed","ping_status":"closed","template":"","meta":{"footnotes":""},"class_list":["post-297","page","type-page","status-publish","hentry"],"_links":{"self":[{"href":"https:\/\/kyodoelectronic.com\/index.php\/wp-json\/wp\/v2\/pages\/297","targetHints":{"allow":["GET"]}}],"collection":[{"href":"https:\/\/kyodoelectronic.com\/index.php\/wp-json\/wp\/v2\/pages"}],"about":[{"href":"https:\/\/kyodoelectronic.com\/index.php\/wp-json\/wp\/v2\/types\/page"}],"author":[{"embeddable":true,"href":"https:\/\/kyodoelectronic.com\/index.php\/wp-json\/wp\/v2\/users\/1"}],"replies":[{"embeddable":true,"href":"https:\/\/kyodoelectronic.com\/index.php\/wp-json\/wp\/v2\/comments?post=297"}],"version-history":[{"count":2,"href":"https:\/\/kyodoelectronic.com\/index.php\/wp-json\/wp\/v2\/pages\/297\/revisions"}],"predecessor-version":[{"id":300,"href":"https:\/\/kyodoelectronic.com\/index.php\/wp-json\/wp\/v2\/pages\/297\/revisions\/300"}],"up":[{"embeddable":true,"href":"https:\/\/kyodoelectronic.com\/index.php\/wp-json\/wp\/v2\/pages\/258"}],"wp:attachment":[{"href":"https:\/\/kyodoelectronic.com\/index.php\/wp-json\/wp\/v2\/media?parent=297"}],"curies":[{"name":"wp","href":"https:\/\/api.w.org\/{rel}","templated":true}]}}