{"id":294,"date":"2024-09-09T15:04:22","date_gmt":"2024-09-09T12:04:22","guid":{"rendered":"https:\/\/kyodoelectronic.com\/index.php\/tyermal-sistemler\/gunduz-gorus-sistemleri\/as-10x50-gunduz-el-durbunu\/"},"modified":"2024-09-10T15:34:22","modified_gmt":"2024-09-10T12:34:22","slug":"as-10x50-gunduz-el-durbunu","status":"publish","type":"page","link":"https:\/\/kyodoelectronic.com\/index.php\/tyermal-sistemler\/gunduz-gorus-sistemleri\/as-10x50-gunduz-el-durbunu\/","title":{"rendered":"AS 10&#215;50 G\u00fcnd\u00fcz El D\u00fcrb\u00fcn\u00fc"},"content":{"rendered":"\n<figure class=\"wp-block-gallery has-nested-images columns-default is-cropped wp-block-gallery-1 is-layout-flex wp-block-gallery-is-layout-flex\">\n<figure class=\"wp-block-image size-large\"><img loading=\"lazy\" decoding=\"async\" width=\"1024\" height=\"362\" data-id=\"295\" src=\"https:\/\/kyodoelectronic.com\/wp-content\/uploads\/2024\/09\/10x50-1024x362.png\" alt=\"\" class=\"wp-image-295\" srcset=\"https:\/\/kyodoelectronic.com\/wp-content\/uploads\/2024\/09\/10x50-1024x362.png 1024w, https:\/\/kyodoelectronic.com\/wp-content\/uploads\/2024\/09\/10x50-300x106.png 300w, https:\/\/kyodoelectronic.com\/wp-content\/uploads\/2024\/09\/10x50-768x272.png 768w, https:\/\/kyodoelectronic.com\/wp-content\/uploads\/2024\/09\/10x50-990x350.png 990w, https:\/\/kyodoelectronic.com\/wp-content\/uploads\/2024\/09\/10x50.png 1201w\" sizes=\"auto, (max-width: 1024px) 100vw, 1024px\" \/><\/figure>\n<\/figure>\n\n\n\n<p>10\u00d750 G\u00fcnd\u00fcz D\u00fcrb\u00fcn\u00fcnde maksimum g\u00f6r\u00fcnt\u00fc kalitesi ve parlakl\u0131k i\u00e7in hassas optik teknolojisi kullan\u0131lm\u0131\u015ft\u0131r.<\/p>\n\n\n\n<ul class=\"wp-block-list\">\n<li>B\u00fcy\u00fctme 10\u00b12%<\/li>\n\n\n\n<li>Objektif \u00c7ap\u0131 50mm<\/li>\n\n\n\n<li>\u00c7\u0131k\u0131\u015f Pupil \u00c7ap\u0131 5mm<\/li>\n\n\n\n<li>A\u00e7\u0131sal G\u00f6r\u00fc\u015f Alan\u0131 5.5\u00ba<\/li>\n\n\n\n<li>Prizma Tipi Porro Prizmas\u0131<\/li>\n\n\n\n<li>l000m\u2019de G\u00f6r\u00fc\u015f Alan\u0131 114m<\/li>\n<\/ul>\n","protected":false},"excerpt":{"rendered":"<p>10\u00d750 G\u00fcnd\u00fcz D\u00fcrb\u00fcn\u00fcnde maksimum g\u00f6r\u00fcnt\u00fc kalitesi ve parlakl\u0131k i\u00e7in hassas optik teknolojisi kullan\u0131lm\u0131\u015ft\u0131r.<\/p>\n","protected":false},"author":1,"featured_media":0,"parent":258,"menu_order":24,"comment_status":"closed","ping_status":"closed","template":"","meta":{"footnotes":""},"class_list":["post-294","page","type-page","status-publish","hentry"],"_links":{"self":[{"href":"https:\/\/kyodoelectronic.com\/index.php\/wp-json\/wp\/v2\/pages\/294","targetHints":{"allow":["GET"]}}],"collection":[{"href":"https:\/\/kyodoelectronic.com\/index.php\/wp-json\/wp\/v2\/pages"}],"about":[{"href":"https:\/\/kyodoelectronic.com\/index.php\/wp-json\/wp\/v2\/types\/page"}],"author":[{"embeddable":true,"href":"https:\/\/kyodoelectronic.com\/index.php\/wp-json\/wp\/v2\/users\/1"}],"replies":[{"embeddable":true,"href":"https:\/\/kyodoelectronic.com\/index.php\/wp-json\/wp\/v2\/comments?post=294"}],"version-history":[{"count":1,"href":"https:\/\/kyodoelectronic.com\/index.php\/wp-json\/wp\/v2\/pages\/294\/revisions"}],"predecessor-version":[{"id":296,"href":"https:\/\/kyodoelectronic.com\/index.php\/wp-json\/wp\/v2\/pages\/294\/revisions\/296"}],"up":[{"embeddable":true,"href":"https:\/\/kyodoelectronic.com\/index.php\/wp-json\/wp\/v2\/pages\/258"}],"wp:attachment":[{"href":"https:\/\/kyodoelectronic.com\/index.php\/wp-json\/wp\/v2\/media?parent=294"}],"curies":[{"name":"wp","href":"https:\/\/api.w.org\/{rel}","templated":true}]}}