{"id":289,"date":"2024-09-09T14:51:31","date_gmt":"2024-09-09T11:51:31","guid":{"rendered":"https:\/\/kyodoelectronic.com\/index.php\/bin-120mm-uzak-mesafe-durbunu\/"},"modified":"2024-09-10T15:34:22","modified_gmt":"2024-09-10T12:34:22","slug":"bin-120mm-uzak-mesafe-durbunu","status":"publish","type":"page","link":"https:\/\/kyodoelectronic.com\/index.php\/tyermal-sistemler\/gunduz-gorus-sistemleri\/bin-120mm-uzak-mesafe-durbunu\/","title":{"rendered":"BIN \u2013 120mm Uzak Mesafe D\u00fcrb\u00fcn\u00fc"},"content":{"rendered":"\n<figure class=\"wp-block-gallery has-nested-images columns-default is-cropped wp-block-gallery-1 is-layout-flex wp-block-gallery-is-layout-flex\">\n<figure class=\"wp-block-image size-large\"><img loading=\"lazy\" decoding=\"async\" width=\"1024\" height=\"362\" data-id=\"291\" src=\"https:\/\/kyodoelectronic.com\/wp-content\/uploads\/2024\/09\/BIN120-1024x362.png\" alt=\"\" class=\"wp-image-291\" srcset=\"https:\/\/kyodoelectronic.com\/wp-content\/uploads\/2024\/09\/BIN120-1024x362.png 1024w, https:\/\/kyodoelectronic.com\/wp-content\/uploads\/2024\/09\/BIN120-300x106.png 300w, https:\/\/kyodoelectronic.com\/wp-content\/uploads\/2024\/09\/BIN120-768x272.png 768w, https:\/\/kyodoelectronic.com\/wp-content\/uploads\/2024\/09\/BIN120-990x350.png 990w, https:\/\/kyodoelectronic.com\/wp-content\/uploads\/2024\/09\/BIN120.png 1201w\" sizes=\"auto, (max-width: 1024px) 100vw, 1024px\" \/><\/figure>\n<\/figure>\n\n\n\n<p>Ok\u00fclerler farkl\u0131 b\u00fcy\u00fctmeler elde edilebilecek \u015fekilde de\u011fi\u015ftirilebilir. Cihaz 20\u00d7 b\u00fcy\u00fctmeye sahip ve a\u011f\u0131rl\u0131\u011f\u0131 minimumda tutmak i\u00e7in d\u00fcrb\u00fcn g\u00f6vdesi magnezyumdan yap\u0131lm\u0131\u015ft\u0131r. D\u00fcrb\u00fcnler su ge\u00e7irmezdir, bu\u011fulanmaya ve lens mantar\u0131na kar\u015f\u0131 azot ile doldurulmu\u015ftur.<\/p>\n\n\n\n<ul class=\"wp-block-list\">\n<li>9.96kg<\/li>\n\n\n\n<li>G\u00f6r\u00fcn\u00fcr G\u00f6r\u00fc\u015f Alan\u0131: 57.15\u00b0<\/li>\n\n\n\n<li>70cm x 28.5cm<\/li>\n\n\n\n<li>26X B\u00fcy\u00fctme<\/li>\n<\/ul>\n","protected":false},"excerpt":{"rendered":"<p>Ok\u00fclerler farkl\u0131 b\u00fcy\u00fctmeler elde edilebilecek \u015fekilde de\u011fi\u015ftirilebilir. Cihaz 20\u00d7 b\u00fcy\u00fctmeye sahip ve a\u011f\u0131rl\u0131\u011f\u0131 minimumda tutmak i\u00e7in d\u00fcrb\u00fcn g\u00f6vdesi magnezyumdan yap\u0131lm\u0131\u015ft\u0131r. &hellip; <a href=\"https:\/\/kyodoelectronic.com\/index.php\/tyermal-sistemler\/gunduz-gorus-sistemleri\/bin-120mm-uzak-mesafe-durbunu\/\" class=\"more-link\"><span class=\"more-button\">Continue Reading<span class=\"screen-reader-text\">BIN \u2013 120mm Uzak Mesafe D\u00fcrb\u00fcn\u00fc<\/span><\/span><\/a><\/p>\n","protected":false},"author":1,"featured_media":0,"parent":258,"menu_order":23,"comment_status":"closed","ping_status":"closed","template":"","meta":{"footnotes":""},"class_list":["post-289","page","type-page","status-publish","hentry"],"_links":{"self":[{"href":"https:\/\/kyodoelectronic.com\/index.php\/wp-json\/wp\/v2\/pages\/289","targetHints":{"allow":["GET"]}}],"collection":[{"href":"https:\/\/kyodoelectronic.com\/index.php\/wp-json\/wp\/v2\/pages"}],"about":[{"href":"https:\/\/kyodoelectronic.com\/index.php\/wp-json\/wp\/v2\/types\/page"}],"author":[{"embeddable":true,"href":"https:\/\/kyodoelectronic.com\/index.php\/wp-json\/wp\/v2\/users\/1"}],"replies":[{"embeddable":true,"href":"https:\/\/kyodoelectronic.com\/index.php\/wp-json\/wp\/v2\/comments?post=289"}],"version-history":[{"count":3,"href":"https:\/\/kyodoelectronic.com\/index.php\/wp-json\/wp\/v2\/pages\/289\/revisions"}],"predecessor-version":[{"id":293,"href":"https:\/\/kyodoelectronic.com\/index.php\/wp-json\/wp\/v2\/pages\/289\/revisions\/293"}],"up":[{"embeddable":true,"href":"https:\/\/kyodoelectronic.com\/index.php\/wp-json\/wp\/v2\/pages\/258"}],"wp:attachment":[{"href":"https:\/\/kyodoelectronic.com\/index.php\/wp-json\/wp\/v2\/media?parent=289"}],"curies":[{"name":"wp","href":"https:\/\/api.w.org\/{rel}","templated":true}]}}