{"id":284,"date":"2024-09-09T13:57:57","date_gmt":"2024-09-09T10:57:57","guid":{"rendered":"https:\/\/kyodoelectronic.com\/index.php\/tyermal-sistemler\/gunduz-gorus-sistemleri\/hs-10-holografik-hedef-isaretleyici\/"},"modified":"2024-09-10T15:34:22","modified_gmt":"2024-09-10T12:34:22","slug":"hs-10-holografik-hedef-isaretleyici","status":"publish","type":"page","link":"https:\/\/kyodoelectronic.com\/index.php\/tyermal-sistemler\/gunduz-gorus-sistemleri\/hs-10-holografik-hedef-isaretleyici\/","title":{"rendered":"HS-10 Holografik Hedef \u0130\u015faretleyici"},"content":{"rendered":"\n<figure class=\"wp-block-gallery has-nested-images columns-default is-cropped wp-block-gallery-1 is-layout-flex wp-block-gallery-is-layout-flex\">\n<figure class=\"wp-block-image size-large\"><img loading=\"lazy\" decoding=\"async\" width=\"1024\" height=\"362\" data-id=\"286\" src=\"https:\/\/kyodoelectronic.com\/wp-content\/uploads\/2024\/09\/HS-10-1024x362.png\" alt=\"\" class=\"wp-image-286\" srcset=\"https:\/\/kyodoelectronic.com\/wp-content\/uploads\/2024\/09\/HS-10-1024x362.png 1024w, https:\/\/kyodoelectronic.com\/wp-content\/uploads\/2024\/09\/HS-10-300x106.png 300w, https:\/\/kyodoelectronic.com\/wp-content\/uploads\/2024\/09\/HS-10-768x272.png 768w, https:\/\/kyodoelectronic.com\/wp-content\/uploads\/2024\/09\/HS-10-990x350.png 990w, https:\/\/kyodoelectronic.com\/wp-content\/uploads\/2024\/09\/HS-10.png 1201w\" sizes=\"auto, (max-width: 1024px) 100vw, 1024px\" \/><\/figure>\n<\/figure>\n\n\n\n<p>HS-10 d\u00fc\u015f\u00fck profilli tasar\u0131m\u0131 ile kompakt yap\u0131da, uzun \u00e7al\u0131\u015fma s\u00fcresine sahip ni\u015fangaht\u0131r.<\/p>\n\n\n\n<ul class=\"wp-block-list\">\n<li>Uzun pil \u00f6mr\u00fc<\/li>\n\n\n\n<li>D\u00fc\u015f\u00fck profilli kompakt yap\u0131<\/li>\n\n\n\n<li>Sonsuz g\u00f6r\u00fc\u015f a\u00e7\u0131s\u0131<\/li>\n\n\n\n<li>G\u00fcvenilir ve emniyetli g\u00f6vde yap\u0131s\u0131<\/li>\n<\/ul>\n","protected":false},"excerpt":{"rendered":"<p>HS-10 d\u00fc\u015f\u00fck profilli tasar\u0131m\u0131 ile kompakt yap\u0131da, uzun \u00e7al\u0131\u015fma s\u00fcresine sahip ni\u015fangaht\u0131r.<\/p>\n","protected":false},"author":1,"featured_media":0,"parent":258,"menu_order":22,"comment_status":"closed","ping_status":"closed","template":"","meta":{"footnotes":""},"class_list":["post-284","page","type-page","status-publish","hentry"],"_links":{"self":[{"href":"https:\/\/kyodoelectronic.com\/index.php\/wp-json\/wp\/v2\/pages\/284","targetHints":{"allow":["GET"]}}],"collection":[{"href":"https:\/\/kyodoelectronic.com\/index.php\/wp-json\/wp\/v2\/pages"}],"about":[{"href":"https:\/\/kyodoelectronic.com\/index.php\/wp-json\/wp\/v2\/types\/page"}],"author":[{"embeddable":true,"href":"https:\/\/kyodoelectronic.com\/index.php\/wp-json\/wp\/v2\/users\/1"}],"replies":[{"embeddable":true,"href":"https:\/\/kyodoelectronic.com\/index.php\/wp-json\/wp\/v2\/comments?post=284"}],"version-history":[{"count":2,"href":"https:\/\/kyodoelectronic.com\/index.php\/wp-json\/wp\/v2\/pages\/284\/revisions"}],"predecessor-version":[{"id":288,"href":"https:\/\/kyodoelectronic.com\/index.php\/wp-json\/wp\/v2\/pages\/284\/revisions\/288"}],"up":[{"embeddable":true,"href":"https:\/\/kyodoelectronic.com\/index.php\/wp-json\/wp\/v2\/pages\/258"}],"wp:attachment":[{"href":"https:\/\/kyodoelectronic.com\/index.php\/wp-json\/wp\/v2\/media?parent=284"}],"curies":[{"name":"wp","href":"https:\/\/api.w.org\/{rel}","templated":true}]}}