{"id":280,"date":"2024-09-09T13:29:41","date_gmt":"2024-09-09T10:29:41","guid":{"rendered":"https:\/\/kyodoelectronic.com\/index.php\/tyermal-sistemler\/gunduz-gorus-sistemleri\/mtrs-1-mini-reflex-nisangahi-ve-optik-sistemi\/"},"modified":"2024-09-10T15:34:22","modified_gmt":"2024-09-10T12:34:22","slug":"mtrs-1-mini-reflex-nisangahi-ve-optik-sistemi","status":"publish","type":"page","link":"https:\/\/kyodoelectronic.com\/index.php\/tyermal-sistemler\/gunduz-gorus-sistemleri\/mtrs-1-mini-reflex-nisangahi-ve-optik-sistemi\/","title":{"rendered":"MTRS-1 Mini Reflex Ni\u015fangah\u0131 ve Optik Sistemi"},"content":{"rendered":"\n<figure class=\"wp-block-gallery has-nested-images columns-default is-cropped wp-block-gallery-1 is-layout-flex wp-block-gallery-is-layout-flex\">\n<figure class=\"wp-block-image size-large\"><img loading=\"lazy\" decoding=\"async\" width=\"1024\" height=\"362\" data-id=\"281\" src=\"https:\/\/kyodoelectronic.com\/wp-content\/uploads\/2024\/09\/MTRS-1-1024x362.png\" alt=\"\" class=\"wp-image-281\" srcset=\"https:\/\/kyodoelectronic.com\/wp-content\/uploads\/2024\/09\/MTRS-1-1024x362.png 1024w, https:\/\/kyodoelectronic.com\/wp-content\/uploads\/2024\/09\/MTRS-1-300x106.png 300w, https:\/\/kyodoelectronic.com\/wp-content\/uploads\/2024\/09\/MTRS-1-768x272.png 768w, https:\/\/kyodoelectronic.com\/wp-content\/uploads\/2024\/09\/MTRS-1-990x350.png 990w, https:\/\/kyodoelectronic.com\/wp-content\/uploads\/2024\/09\/MTRS-1.png 1201w\" sizes=\"auto, (max-width: 1024px) 100vw, 1024px\" \/><\/figure>\n<\/figure>\n\n\n\n<p>MTRS 1, \u00fc\u00e7 farkl\u0131 eklenti halinde g\u00fc\u00e7l\u00fc ve hafif kompozit bir g\u00f6vde i\u00e7erisinde askeri standartlarda optikler kullan\u0131larak \u00fcretilmektedir.<br>MTRS 1, tuzlu su, ya\u011fmur, y\u00fcksek nem, a\u015f\u0131r\u0131 s\u0131cak ortam, \u015fok ve darbelere kar\u015f\u0131 \u00fcst\u00fcn bir dayan\u0131m\u0131 vard\u0131r ve bu ko\u015fullardan etkilenmeden \u00e7al\u0131\u015fmas\u0131n\u0131 s\u00fcrd\u00fcr\u00fcr.<br>MTRS 1, sahip oldu\u011fu aksesuar se\u00e7enekleri ile silah \u00fcst\u00fcnde de\u011fi\u015fik kullan\u0131m olanaklar\u0131 sunar. Tek ba\u015f\u0131na mini ni\u015fangah silah\u0131n mekanik ni\u015fangah\u0131 ile birlikte ya da ba\u011f\u0131ms\u0131z kullan\u0131m imkan\u0131 sunar.<br>3X d\u00fcrb\u00fcn eklendi\u011finde uzak mesafelere at\u0131\u015f hassasiyeti artar. K\u00f6\u015fe ni\u015fangah \u00f6zellikle meskun mahallerde ve g\u00f6r\u00fc\u015f\u00fc k\u0131s\u0131tl\u0131 mevzilerde silah\u0131n yan\u0131ndan ve \u00fcst\u00fcnden ni\u015fan alma imkan\u0131 verir.<br>Kolay tak\u0131p \u00e7\u0131kar\u0131labilmesi operasyonel kullan\u0131m konforunu artt\u0131r\u0131r.<br>MTRS 1, y\u00fcksek verimlilikte pil \u00f6mr\u00fc verir. \u00c7ok d\u00fc\u015f\u00fck enerji ihtiyac\u0131 g\u00fcnlerce pil ihtiyac\u0131 duyulmamas\u0131n\u0131 sa\u011flar. Cihaz a\u00e7\u0131ld\u0131ktan 8 saat sonra otomatik kapanarak pil \u00f6mr\u00fcn\u00fc maksimize eder.<\/p>\n","protected":false},"excerpt":{"rendered":"<p>MTRS 1, \u00fc\u00e7 farkl\u0131 eklenti halinde g\u00fc\u00e7l\u00fc ve hafif kompozit bir g\u00f6vde i\u00e7erisinde askeri standartlarda optikler kullan\u0131larak \u00fcretilmektedir.MTRS 1, tuzlu &hellip; <a href=\"https:\/\/kyodoelectronic.com\/index.php\/tyermal-sistemler\/gunduz-gorus-sistemleri\/mtrs-1-mini-reflex-nisangahi-ve-optik-sistemi\/\" class=\"more-link\"><span class=\"more-button\">Continue Reading<span class=\"screen-reader-text\">MTRS-1 Mini Reflex Ni\u015fangah\u0131 ve Optik Sistemi<\/span><\/span><\/a><\/p>\n","protected":false},"author":1,"featured_media":0,"parent":258,"menu_order":7,"comment_status":"closed","ping_status":"closed","template":"","meta":{"footnotes":""},"class_list":["post-280","page","type-page","status-publish","hentry"],"_links":{"self":[{"href":"https:\/\/kyodoelectronic.com\/index.php\/wp-json\/wp\/v2\/pages\/280","targetHints":{"allow":["GET"]}}],"collection":[{"href":"https:\/\/kyodoelectronic.com\/index.php\/wp-json\/wp\/v2\/pages"}],"about":[{"href":"https:\/\/kyodoelectronic.com\/index.php\/wp-json\/wp\/v2\/types\/page"}],"author":[{"embeddable":true,"href":"https:\/\/kyodoelectronic.com\/index.php\/wp-json\/wp\/v2\/users\/1"}],"replies":[{"embeddable":true,"href":"https:\/\/kyodoelectronic.com\/index.php\/wp-json\/wp\/v2\/comments?post=280"}],"version-history":[{"count":1,"href":"https:\/\/kyodoelectronic.com\/index.php\/wp-json\/wp\/v2\/pages\/280\/revisions"}],"predecessor-version":[{"id":283,"href":"https:\/\/kyodoelectronic.com\/index.php\/wp-json\/wp\/v2\/pages\/280\/revisions\/283"}],"up":[{"embeddable":true,"href":"https:\/\/kyodoelectronic.com\/index.php\/wp-json\/wp\/v2\/pages\/258"}],"wp:attachment":[{"href":"https:\/\/kyodoelectronic.com\/index.php\/wp-json\/wp\/v2\/media?parent=280"}],"curies":[{"name":"wp","href":"https:\/\/api.w.org\/{rel}","templated":true}]}}