{"id":265,"date":"2024-09-09T10:57:32","date_gmt":"2024-09-09T07:57:32","guid":{"rendered":"https:\/\/kyodoelectronic.com\/index.php\/knd-3-12x50-keskin-nisanci-silah-durbunu\/"},"modified":"2024-09-10T15:34:22","modified_gmt":"2024-09-10T12:34:22","slug":"knd-3-12x50-keskin-nisanci-silah-durbunu","status":"publish","type":"page","link":"https:\/\/kyodoelectronic.com\/index.php\/tyermal-sistemler\/gunduz-gorus-sistemleri\/knd-3-12x50-keskin-nisanci-silah-durbunu\/","title":{"rendered":"KND 3-12&#215;50 Keskin Ni\u015fanc\u0131 Silah D\u00fcrb\u00fcn\u00fc"},"content":{"rendered":"\n<figure class=\"wp-block-gallery has-nested-images columns-default is-cropped wp-block-gallery-1 is-layout-flex wp-block-gallery-is-layout-flex\">\n<figure class=\"wp-block-image size-large\"><img loading=\"lazy\" decoding=\"async\" width=\"1024\" height=\"362\" data-id=\"269\" src=\"https:\/\/kyodoelectronic.com\/wp-content\/uploads\/2024\/09\/KND3-1024x362.png\" alt=\"\" class=\"wp-image-269\" srcset=\"https:\/\/kyodoelectronic.com\/wp-content\/uploads\/2024\/09\/KND3-1024x362.png 1024w, https:\/\/kyodoelectronic.com\/wp-content\/uploads\/2024\/09\/KND3-300x106.png 300w, https:\/\/kyodoelectronic.com\/wp-content\/uploads\/2024\/09\/KND3-768x272.png 768w, https:\/\/kyodoelectronic.com\/wp-content\/uploads\/2024\/09\/KND3-990x350.png 990w, https:\/\/kyodoelectronic.com\/wp-content\/uploads\/2024\/09\/KND3.png 1201w\" sizes=\"auto, (max-width: 1024px) 100vw, 1024px\" \/><\/figure>\n<\/figure>\n\n\n\n<p>KND serisi keskin ni\u015fanc\u0131 g\u00fcnd\u00fcz silah d\u00fcrb\u00fcnleri, \u00fcst\u00fcn performansl\u0131 optik yap\u0131s\u0131yla 12.7mm kalibreye kadar piyade t\u00fcfeklerinde kullan\u0131lmas\u0131 i\u00e7in dizayn edilmi\u015flerdir.<\/p>\n\n\n\n<ul class=\"wp-block-list\">\n<li>B\u00fcy\u00fctme: 3-12x<\/li>\n\n\n\n<li>G\u00f6r\u00fc\u015f A\u00e7\u0131s\u0131: 1.8 \u00b0 &#8211; 6.7 \u00b0<\/li>\n\n\n\n<li>Reticle: MIL-DOT<\/li>\n<\/ul>\n","protected":false},"excerpt":{"rendered":"<p>KND serisi keskin ni\u015fanc\u0131 g\u00fcnd\u00fcz silah d\u00fcrb\u00fcnleri, \u00fcst\u00fcn performansl\u0131 optik yap\u0131s\u0131yla 12.7mm kalibreye kadar piyade t\u00fcfeklerinde kullan\u0131lmas\u0131 i\u00e7in dizayn edilmi\u015flerdir.<\/p>\n","protected":false},"author":1,"featured_media":0,"parent":258,"menu_order":15,"comment_status":"closed","ping_status":"closed","template":"","meta":{"footnotes":""},"class_list":["post-265","page","type-page","status-publish","hentry"],"_links":{"self":[{"href":"https:\/\/kyodoelectronic.com\/index.php\/wp-json\/wp\/v2\/pages\/265","targetHints":{"allow":["GET"]}}],"collection":[{"href":"https:\/\/kyodoelectronic.com\/index.php\/wp-json\/wp\/v2\/pages"}],"about":[{"href":"https:\/\/kyodoelectronic.com\/index.php\/wp-json\/wp\/v2\/types\/page"}],"author":[{"embeddable":true,"href":"https:\/\/kyodoelectronic.com\/index.php\/wp-json\/wp\/v2\/users\/1"}],"replies":[{"embeddable":true,"href":"https:\/\/kyodoelectronic.com\/index.php\/wp-json\/wp\/v2\/comments?post=265"}],"version-history":[{"count":3,"href":"https:\/\/kyodoelectronic.com\/index.php\/wp-json\/wp\/v2\/pages\/265\/revisions"}],"predecessor-version":[{"id":271,"href":"https:\/\/kyodoelectronic.com\/index.php\/wp-json\/wp\/v2\/pages\/265\/revisions\/271"}],"up":[{"embeddable":true,"href":"https:\/\/kyodoelectronic.com\/index.php\/wp-json\/wp\/v2\/pages\/258"}],"wp:attachment":[{"href":"https:\/\/kyodoelectronic.com\/index.php\/wp-json\/wp\/v2\/media?parent=265"}],"curies":[{"name":"wp","href":"https:\/\/api.w.org\/{rel}","templated":true}]}}