{"id":246,"date":"2024-09-09T02:29:42","date_gmt":"2024-09-08T23:29:42","guid":{"rendered":"https:\/\/kyodoelectronic.com\/index.php\/nva-13-gece-gorus-eklentisi\/"},"modified":"2024-09-10T15:32:50","modified_gmt":"2024-09-10T12:32:50","slug":"nva-13-gece-gorus-eklentisi","status":"publish","type":"page","link":"https:\/\/kyodoelectronic.com\/index.php\/tyermal-sistemler\/gece-gorus-sistemleri\/nva-13-gece-gorus-eklentisi\/","title":{"rendered":"NVA 13 Gece G\u00f6r\u00fc\u015f Eklentisi"},"content":{"rendered":"\n<figure class=\"wp-block-gallery has-nested-images columns-default is-cropped wp-block-gallery-1 is-layout-flex wp-block-gallery-is-layout-flex\">\n<figure class=\"wp-block-image size-large\"><img loading=\"lazy\" decoding=\"async\" width=\"1024\" height=\"362\" data-id=\"248\" src=\"https:\/\/kyodoelectronic.com\/wp-content\/uploads\/2024\/09\/NVA-13-1024x362.png\" alt=\"\" class=\"wp-image-248\" srcset=\"https:\/\/kyodoelectronic.com\/wp-content\/uploads\/2024\/09\/NVA-13-1024x362.png 1024w, https:\/\/kyodoelectronic.com\/wp-content\/uploads\/2024\/09\/NVA-13-300x106.png 300w, https:\/\/kyodoelectronic.com\/wp-content\/uploads\/2024\/09\/NVA-13-768x272.png 768w, https:\/\/kyodoelectronic.com\/wp-content\/uploads\/2024\/09\/NVA-13-990x350.png 990w, https:\/\/kyodoelectronic.com\/wp-content\/uploads\/2024\/09\/NVA-13.png 1201w\" sizes=\"auto, (max-width: 1024px) 100vw, 1024px\" \/><\/figure>\n<\/figure>\n\n\n\n<p>NVA- 13, silah \u00fczerinde bulunan optik ni\u015fangah\u0131n g\u00fcnd\u00fcz\u00fcn yan\u0131 s\u0131ra ayn\u0131 ayar ve al\u0131\u015fkanl\u0131klarla gece de kullan\u0131lmas\u0131na olanak veren (Clip-On) gece g\u00f6r\u00fc\u015f adapt\u00f6r\u00fcd\u00fcr. Benzerlerinin aksine reflektif optik<br>tasar\u0131m\u0131 ile hem boyutsal olarak daha k\u00fc\u00e7\u00fck hem de daha hafiftir.<br>Optik bir g\u00fcnd\u00fcz g\u00f6r\u00fc\u015f a\u00e7\u0131s\u0131 ile ayn\u0131 hizada monte edilmi\u015f \u00e7e\u015fitli askeri ve kolluk kuvvetleri silahlar\u0131nda kullan\u0131lmak \u00fczere tasarlanm\u0131\u015f hafif, kompakt, y\u00fcksek \u00e7\u00f6z\u00fcn\u00fcrl\u00fckl\u00fc bir g\u00f6r\u00fcnt\u00fc yo\u011funla\u015ft\u0131r\u0131c\u0131 t\u00fcpl\u00fc<br>gece g\u00f6r\u00fc\u015f eklentisidir.<br>NVA-13, g\u00fcnd\u00fcz d\u00fcrb\u00fcnleri gece az olan \u0131\u015f\u0131\u011f\u0131 yo\u011funla\u015ft\u0131rarak g\u00f6nderip kullan\u0131c\u0131n\u0131n gece g\u00f6zetim ve hedef belirlemesini sa\u011flar.<br>S\u0131f\u0131rlama gerektirmeden \u00e7e\u015fitli sabit ve de\u011fi\u015fken b\u00fcy\u00fctmeli g\u00fcnd\u00fcz d\u00fcrb\u00fcnleri ile kullan\u0131ma uygundur.<br>Ultra hafif, kompakt ve sa\u011flam bir \u00fcr\u00fcn olarak, askeri standartlarda, dayan\u0131m ve y\u00fcksek performans sa\u011flayacak \u015fekilde tasarlanm\u0131\u015ft\u0131r.<\/p>\n\n\n\n<ul class=\"wp-block-list\">\n<li>IR Ayd\u0131nlatma<\/li>\n\n\n\n<li>FOV 13\u00b0<\/li>\n\n\n\n<li>B\u00fcy\u00fctme 1x<\/li>\n\n\n\n<li>510g<\/li>\n\n\n\n<li>183 mm x 75 mm x 60 mm<\/li>\n\n\n\n<li>50 saat (Lithium batarya ile)<\/li>\n\n\n\n<li>IR Ayd\u0131nlatma 500 metreye kadar (opsiyonel)<\/li>\n\n\n\n<li>F# 1.5<\/li>\n<\/ul>\n","protected":false},"excerpt":{"rendered":"<p>NVA- 13, silah \u00fczerinde bulunan optik ni\u015fangah\u0131n g\u00fcnd\u00fcz\u00fcn yan\u0131 s\u0131ra ayn\u0131 ayar ve al\u0131\u015fkanl\u0131klarla gece de kullan\u0131lmas\u0131na olanak veren (Clip-On) &hellip; <a href=\"https:\/\/kyodoelectronic.com\/index.php\/tyermal-sistemler\/gece-gorus-sistemleri\/nva-13-gece-gorus-eklentisi\/\" class=\"more-link\"><span class=\"more-button\">Continue Reading<span class=\"screen-reader-text\">NVA 13 Gece G\u00f6r\u00fc\u015f Eklentisi<\/span><\/span><\/a><\/p>\n","protected":false},"author":1,"featured_media":0,"parent":146,"menu_order":25,"comment_status":"closed","ping_status":"closed","template":"","meta":{"footnotes":""},"class_list":["post-246","page","type-page","status-publish","hentry"],"_links":{"self":[{"href":"https:\/\/kyodoelectronic.com\/index.php\/wp-json\/wp\/v2\/pages\/246","targetHints":{"allow":["GET"]}}],"collection":[{"href":"https:\/\/kyodoelectronic.com\/index.php\/wp-json\/wp\/v2\/pages"}],"about":[{"href":"https:\/\/kyodoelectronic.com\/index.php\/wp-json\/wp\/v2\/types\/page"}],"author":[{"embeddable":true,"href":"https:\/\/kyodoelectronic.com\/index.php\/wp-json\/wp\/v2\/users\/1"}],"replies":[{"embeddable":true,"href":"https:\/\/kyodoelectronic.com\/index.php\/wp-json\/wp\/v2\/comments?post=246"}],"version-history":[{"count":2,"href":"https:\/\/kyodoelectronic.com\/index.php\/wp-json\/wp\/v2\/pages\/246\/revisions"}],"predecessor-version":[{"id":250,"href":"https:\/\/kyodoelectronic.com\/index.php\/wp-json\/wp\/v2\/pages\/246\/revisions\/250"}],"up":[{"embeddable":true,"href":"https:\/\/kyodoelectronic.com\/index.php\/wp-json\/wp\/v2\/pages\/146"}],"wp:attachment":[{"href":"https:\/\/kyodoelectronic.com\/index.php\/wp-json\/wp\/v2\/media?parent=246"}],"curies":[{"name":"wp","href":"https:\/\/api.w.org\/{rel}","templated":true}]}}