{"id":241,"date":"2024-09-09T01:50:32","date_gmt":"2024-09-08T22:50:32","guid":{"rendered":"https:\/\/kyodoelectronic.com\/index.php\/tyermal-sistemler\/gece-gorus-sistemleri\/bin-3-binokuler-gece-gorus-gozlugu\/"},"modified":"2024-09-10T15:32:50","modified_gmt":"2024-09-10T12:32:50","slug":"bin-3-binokuler-gece-gorus-gozlugu","status":"publish","type":"page","link":"https:\/\/kyodoelectronic.com\/index.php\/tyermal-sistemler\/gece-gorus-sistemleri\/bin-3-binokuler-gece-gorus-gozlugu\/","title":{"rendered":"BIN-3 B\u0130NOK\u00dcLER GECE G\u00d6R\u00dc\u015e G\u00d6ZL\u00dc\u011e\u00dc"},"content":{"rendered":"\n<figure class=\"wp-block-gallery has-nested-images columns-default is-cropped wp-block-gallery-1 is-layout-flex wp-block-gallery-is-layout-flex\">\n<figure class=\"wp-block-image size-large\"><img decoding=\"async\" data-id=\"243\" src=\"https:\/\/kyodoelectronic.com\/wp-content\/uploads\/2024\/09\/BIN-3-1024x362.png\" alt=\"\" class=\"wp-image-243\"\/><\/figure>\n<\/figure>\n\n\n\n<p>BIN-3, tek bir AA pil ile \u00e7al\u0131\u015fabilen, elde veya mi\u011ffere monte \u015fekilde kullan\u0131labilen, g\u00f6z mesafesi ayarlanabilir pasif bir binok\u00fcler gece g\u00f6r\u00fc\u015f g\u00f6zl\u00fc\u011f\u00fcd\u00fcr.<\/p>\n\n\n\n<ul class=\"wp-block-list\">\n<li>Hafifli\u011fi sayesinde elde ve mi\u011fferde kolayca kullan\u0131l\u0131r<\/li>\n\n\n\n<li>Opsiyonel manuel kazan\u00e7 ayar\u0131<\/li>\n\n\n\n<li>Otomatik parlakl\u0131k korumas\u0131<\/li>\n\n\n\n<li>Kolay ayarlama<\/li>\n\n\n\n<li>\u201cD\u00fc\u015f\u00fck pil voltaj\u0131\u201d ve \u201cIR ayd\u0131nlatma a\u00e7\u0131k\u201d ikazlar\u0131<\/li>\n<\/ul>\n","protected":false},"excerpt":{"rendered":"<p>BIN-3, tek bir AA pil ile \u00e7al\u0131\u015fabilen, elde veya mi\u011ffere monte \u015fekilde kullan\u0131labilen, g\u00f6z mesafesi ayarlanabilir pasif bir binok\u00fcler gece &hellip; <a href=\"https:\/\/kyodoelectronic.com\/index.php\/tyermal-sistemler\/gece-gorus-sistemleri\/bin-3-binokuler-gece-gorus-gozlugu\/\" class=\"more-link\"><span class=\"more-button\">Continue Reading<span class=\"screen-reader-text\">BIN-3 B\u0130NOK\u00dcLER GECE G\u00d6R\u00dc\u015e G\u00d6ZL\u00dc\u011e\u00dc<\/span><\/span><\/a><\/p>\n","protected":false},"author":1,"featured_media":0,"parent":146,"menu_order":24,"comment_status":"closed","ping_status":"closed","template":"","meta":{"footnotes":""},"class_list":["post-241","page","type-page","status-publish","hentry"],"_links":{"self":[{"href":"https:\/\/kyodoelectronic.com\/index.php\/wp-json\/wp\/v2\/pages\/241","targetHints":{"allow":["GET"]}}],"collection":[{"href":"https:\/\/kyodoelectronic.com\/index.php\/wp-json\/wp\/v2\/pages"}],"about":[{"href":"https:\/\/kyodoelectronic.com\/index.php\/wp-json\/wp\/v2\/types\/page"}],"author":[{"embeddable":true,"href":"https:\/\/kyodoelectronic.com\/index.php\/wp-json\/wp\/v2\/users\/1"}],"replies":[{"embeddable":true,"href":"https:\/\/kyodoelectronic.com\/index.php\/wp-json\/wp\/v2\/comments?post=241"}],"version-history":[{"count":3,"href":"https:\/\/kyodoelectronic.com\/index.php\/wp-json\/wp\/v2\/pages\/241\/revisions"}],"predecessor-version":[{"id":245,"href":"https:\/\/kyodoelectronic.com\/index.php\/wp-json\/wp\/v2\/pages\/241\/revisions\/245"}],"up":[{"embeddable":true,"href":"https:\/\/kyodoelectronic.com\/index.php\/wp-json\/wp\/v2\/pages\/146"}],"wp:attachment":[{"href":"https:\/\/kyodoelectronic.com\/index.php\/wp-json\/wp\/v2\/media?parent=241"}],"curies":[{"name":"wp","href":"https:\/\/api.w.org\/{rel}","templated":true}]}}