{"id":235,"date":"2024-09-09T01:30:57","date_gmt":"2024-09-08T22:30:57","guid":{"rendered":"https:\/\/kyodoelectronic.com\/?page_id=235"},"modified":"2024-09-10T15:32:50","modified_gmt":"2024-09-10T12:32:50","slug":"mon-3-7-tek-okulerli-gece-gorus-durbunu","status":"publish","type":"page","link":"https:\/\/kyodoelectronic.com\/index.php\/tyermal-sistemler\/gece-gorus-sistemleri\/mon-3-7-tek-okulerli-gece-gorus-durbunu\/","title":{"rendered":"MON-3\/7 Tek Ok\u00fclerli Gece G\u00f6r\u00fc\u015f D\u00fcrb\u00fcn\u00fc"},"content":{"rendered":"\n<figure class=\"wp-block-gallery has-nested-images columns-default is-cropped wp-block-gallery-1 is-layout-flex wp-block-gallery-is-layout-flex\">\n<figure class=\"wp-block-image size-large\"><img loading=\"lazy\" decoding=\"async\" width=\"1024\" height=\"362\" data-id=\"217\" src=\"https:\/\/kyodoelectronic.com\/wp-content\/uploads\/2024\/09\/MON-3-7-1024x362.png\" alt=\"\" class=\"wp-image-217\" srcset=\"https:\/\/kyodoelectronic.com\/wp-content\/uploads\/2024\/09\/MON-3-7-1024x362.png 1024w, https:\/\/kyodoelectronic.com\/wp-content\/uploads\/2024\/09\/MON-3-7-300x106.png 300w, https:\/\/kyodoelectronic.com\/wp-content\/uploads\/2024\/09\/MON-3-7-768x272.png 768w, https:\/\/kyodoelectronic.com\/wp-content\/uploads\/2024\/09\/MON-3-7-990x350.png 990w, https:\/\/kyodoelectronic.com\/wp-content\/uploads\/2024\/09\/MON-3-7.png 1201w\" sizes=\"auto, (max-width: 1024px) 100vw, 1024px\" \/><\/figure>\n<\/figure>\n\n\n\n<p>MON-3\/7 serimiz, hafif ve ergonomik kompozit g\u00f6vde i\u00e7ine yerle\u015ftirilmi\u015f, askeri standartlarda optikler ile yeni nesil ve \u00e7ok ama\u00e7l\u0131 gece g\u00f6r\u00fc\u015f cihazlar\u0131d\u0131r. \u00dcr\u00fcn elde, ba\u015f band\u0131na, mi\u011ffere veya istenirse do\u011frudan silah \u00fczerine ba\u011flanarak kullan\u0131ma uygundur.<br>\u00dcr\u00fcn \u00e7ift t\u00fcp uygulamas\u0131yla ve \u00f6zel ba\u011flant\u0131 aparat\u0131yla twin monok\u00fcler olarak kullan\u0131ma uygundur. \u00d6zel scuba g\u00f6zl\u00fc\u011f\u00fc ile filtreleri tak\u0131larak 8 metreye kadar su alt\u0131nda da kullan\u0131labilir.<br><\/p>\n\n\n\n<ul class=\"wp-block-list\">\n<li>Hafifli\u011fi sayesinde elde ve mi\u011ffere monteli olarak kolayca kullan\u0131l\u0131r<\/li>\n\n\n\n<li>Farkl\u0131 \u0131\u015f\u0131k seviyelerinde manuel kazan\u00e7 ayar\u0131 (MON-7)<\/li>\n\n\n\n<li>Otomatik parlakl\u0131k korumas\u0131 (MON-3)<\/li>\n\n\n\n<li>Ba\u015fband\u0131\/mi\u011ffer \u00fczerindeyken yukar\u0131 kald\u0131r\u0131ld\u0131\u011f\u0131nda\/kullan\u0131lmad\u0131\u011f\u0131nda otomatik kapanma \u00f6zelli\u011fi<\/li>\n<\/ul>\n","protected":false},"excerpt":{"rendered":"<p>MON-3\/7 serimiz, hafif ve ergonomik kompozit g\u00f6vde i\u00e7ine yerle\u015ftirilmi\u015f, askeri standartlarda optikler ile yeni nesil ve \u00e7ok ama\u00e7l\u0131 gece g\u00f6r\u00fc\u015f &hellip; <a href=\"https:\/\/kyodoelectronic.com\/index.php\/tyermal-sistemler\/gece-gorus-sistemleri\/mon-3-7-tek-okulerli-gece-gorus-durbunu\/\" class=\"more-link\"><span class=\"more-button\">Continue Reading<span class=\"screen-reader-text\">MON-3\/7 Tek Ok\u00fclerli Gece G\u00f6r\u00fc\u015f D\u00fcrb\u00fcn\u00fc<\/span><\/span><\/a><\/p>\n","protected":false},"author":1,"featured_media":0,"parent":146,"menu_order":22,"comment_status":"closed","ping_status":"closed","template":"","meta":{"footnotes":""},"class_list":["post-235","page","type-page","status-publish","hentry"],"_links":{"self":[{"href":"https:\/\/kyodoelectronic.com\/index.php\/wp-json\/wp\/v2\/pages\/235","targetHints":{"allow":["GET"]}}],"collection":[{"href":"https:\/\/kyodoelectronic.com\/index.php\/wp-json\/wp\/v2\/pages"}],"about":[{"href":"https:\/\/kyodoelectronic.com\/index.php\/wp-json\/wp\/v2\/types\/page"}],"author":[{"embeddable":true,"href":"https:\/\/kyodoelectronic.com\/index.php\/wp-json\/wp\/v2\/users\/1"}],"replies":[{"embeddable":true,"href":"https:\/\/kyodoelectronic.com\/index.php\/wp-json\/wp\/v2\/comments?post=235"}],"version-history":[{"count":2,"href":"https:\/\/kyodoelectronic.com\/index.php\/wp-json\/wp\/v2\/pages\/235\/revisions"}],"predecessor-version":[{"id":328,"href":"https:\/\/kyodoelectronic.com\/index.php\/wp-json\/wp\/v2\/pages\/235\/revisions\/328"}],"up":[{"embeddable":true,"href":"https:\/\/kyodoelectronic.com\/index.php\/wp-json\/wp\/v2\/pages\/146"}],"wp:attachment":[{"href":"https:\/\/kyodoelectronic.com\/index.php\/wp-json\/wp\/v2\/media?parent=235"}],"curies":[{"name":"wp","href":"https:\/\/api.w.org\/{rel}","templated":true}]}}