{"id":206,"date":"2024-09-09T00:47:32","date_gmt":"2024-09-08T21:47:32","guid":{"rendered":"https:\/\/kyodoelectronic.com\/index.php\/pnvg-40-pilot-gece-gorus-gozlugu\/"},"modified":"2024-09-10T15:32:50","modified_gmt":"2024-09-10T12:32:50","slug":"pnvg-40-pilot-gece-gorus-gozlugu","status":"publish","type":"page","link":"https:\/\/kyodoelectronic.com\/index.php\/tyermal-sistemler\/gece-gorus-sistemleri\/pnvg-40-pilot-gece-gorus-gozlugu\/","title":{"rendered":"PNVG-40 Pilot Gece G\u00f6r\u00fc\u015f G\u00f6zl\u00fc\u011f\u00fc"},"content":{"rendered":"\n<figure class=\"wp-block-gallery has-nested-images columns-default is-cropped wp-block-gallery-1 is-layout-flex wp-block-gallery-is-layout-flex\">\n<figure class=\"wp-block-image size-large\"><img loading=\"lazy\" decoding=\"async\" width=\"1024\" height=\"362\" data-id=\"207\" src=\"https:\/\/kyodoelectronic.com\/wp-content\/uploads\/2024\/09\/PNVG-40-1024x362.png\" alt=\"\" class=\"wp-image-207\" srcset=\"https:\/\/kyodoelectronic.com\/wp-content\/uploads\/2024\/09\/PNVG-40-1024x362.png 1024w, https:\/\/kyodoelectronic.com\/wp-content\/uploads\/2024\/09\/PNVG-40-300x106.png 300w, https:\/\/kyodoelectronic.com\/wp-content\/uploads\/2024\/09\/PNVG-40-768x272.png 768w, https:\/\/kyodoelectronic.com\/wp-content\/uploads\/2024\/09\/PNVG-40-990x350.png 990w, https:\/\/kyodoelectronic.com\/wp-content\/uploads\/2024\/09\/PNVG-40.png 1201w\" sizes=\"auto, (max-width: 1024px) 100vw, 1024px\" \/><\/figure>\n<\/figure>\n\n\n\n<p>PNVG-40, pilotlar i\u00e7in \u00f6zel olarak geli\u015ftirilmi\u015f d\u00fc\u015f\u00fck \u0131\u015f\u0131kl\u0131 ortamlarda, ay \u0131\u015f\u0131\u011f\u0131 ve y\u0131ld\u0131z \u0131\u015f\u0131\u011f\u0131 alt\u0131nda, ke\u015fif, g\u00f6zetleme, kurtarma g\u00f6revlerinin yan\u0131 s\u0131ra al\u00e7ak u\u00e7u\u015f gerektiren g\u00f6revlerde ve zorlu muhabere ko\u015fullar\u0131nda \u00e7al\u0131\u015fmak \u00fczere tasarlanm\u0131\u015f gece g\u00f6r\u00fc\u015f g\u00f6zl\u00fc\u011f\u00fcd\u00fcr.<br>Ergonomik aray\u00fcz kontrolleri (g\u00f6z bebe\u011fi aras\u0131 ve dikey \/ ileri \/ e\u011fim ayarlar\u0131 dahil) iyile\u015ftirilmi\u015f sistem g\u00f6r\u00fc\u015f alanlar\u0131 sa\u011flar b\u00f6ylelikle helikopterlerin g\u00f6revdeki hareket kabiliyetleri de b\u00fcy\u00fck \u00f6l\u00e7\u00fcde artt\u0131r\u0131l\u0131r.<\/p>\n\n\n\n<ul class=\"wp-block-list\">\n<li>ANVIS ba\u011flant\u0131 ara y\u00fcz\u00fcne sahip t\u00fcm pilot kasklar\u0131yla tam uyumludur.<\/li>\n\n\n\n<li>Park pozisyonunda otomatik kapanma \u00f6zelli\u011fi vard\u0131r<\/li>\n\n\n\n<li>Kask ba\u011flant\u0131 ara y\u00fcz\u00fc \u00fczerinde d\u00fc\u015f\u00fck pil seviye g\u00f6stergesine sahiptir<\/li>\n\n\n\n<li>F\u0131rlatma ve ani darbelerde yaralanmalar\u0131 \u00f6nleme maksatl\u0131 otomatik ayr\u0131lma \u00f6zelli\u011fine sahiptir<\/li>\n<\/ul>\n","protected":false},"excerpt":{"rendered":"<p>PNVG-40, pilotlar i\u00e7in \u00f6zel olarak geli\u015ftirilmi\u015f d\u00fc\u015f\u00fck \u0131\u015f\u0131kl\u0131 ortamlarda, ay \u0131\u015f\u0131\u011f\u0131 ve y\u0131ld\u0131z \u0131\u015f\u0131\u011f\u0131 alt\u0131nda, ke\u015fif, g\u00f6zetleme, kurtarma g\u00f6revlerinin yan\u0131 &hellip; <a href=\"https:\/\/kyodoelectronic.com\/index.php\/tyermal-sistemler\/gece-gorus-sistemleri\/pnvg-40-pilot-gece-gorus-gozlugu\/\" class=\"more-link\"><span class=\"more-button\">Continue Reading<span class=\"screen-reader-text\">PNVG-40 Pilot Gece G\u00f6r\u00fc\u015f G\u00f6zl\u00fc\u011f\u00fc<\/span><\/span><\/a><\/p>\n","protected":false},"author":1,"featured_media":0,"parent":146,"menu_order":22,"comment_status":"closed","ping_status":"closed","template":"","meta":{"footnotes":""},"class_list":["post-206","page","type-page","status-publish","hentry"],"_links":{"self":[{"href":"https:\/\/kyodoelectronic.com\/index.php\/wp-json\/wp\/v2\/pages\/206","targetHints":{"allow":["GET"]}}],"collection":[{"href":"https:\/\/kyodoelectronic.com\/index.php\/wp-json\/wp\/v2\/pages"}],"about":[{"href":"https:\/\/kyodoelectronic.com\/index.php\/wp-json\/wp\/v2\/types\/page"}],"author":[{"embeddable":true,"href":"https:\/\/kyodoelectronic.com\/index.php\/wp-json\/wp\/v2\/users\/1"}],"replies":[{"embeddable":true,"href":"https:\/\/kyodoelectronic.com\/index.php\/wp-json\/wp\/v2\/comments?post=206"}],"version-history":[{"count":1,"href":"https:\/\/kyodoelectronic.com\/index.php\/wp-json\/wp\/v2\/pages\/206\/revisions"}],"predecessor-version":[{"id":209,"href":"https:\/\/kyodoelectronic.com\/index.php\/wp-json\/wp\/v2\/pages\/206\/revisions\/209"}],"up":[{"embeddable":true,"href":"https:\/\/kyodoelectronic.com\/index.php\/wp-json\/wp\/v2\/pages\/146"}],"wp:attachment":[{"href":"https:\/\/kyodoelectronic.com\/index.php\/wp-json\/wp\/v2\/media?parent=206"}],"curies":[{"name":"wp","href":"https:\/\/api.w.org\/{rel}","templated":true}]}}