{"id":146,"date":"2024-09-09T00:45:04","date_gmt":"2024-09-08T21:45:04","guid":{"rendered":"https:\/\/kyodoelectronic.com\/?page_id=146"},"modified":"2024-09-10T15:26:36","modified_gmt":"2024-09-10T12:26:36","slug":"gece-gorus-sistemleri","status":"publish","type":"page","link":"https:\/\/kyodoelectronic.com\/index.php\/tyermal-sistemler\/gece-gorus-sistemleri\/","title":{"rendered":"Gece G\u00f6r\u00fc\u015f Sistemleri"},"content":{"rendered":"","protected":false},"excerpt":{"rendered":"","protected":false},"author":1,"featured_media":0,"parent":43,"menu_order":52,"comment_status":"closed","ping_status":"closed","template":"","meta":{"footnotes":""},"class_list":["post-146","page","type-page","status-publish","hentry"],"_links":{"self":[{"href":"https:\/\/kyodoelectronic.com\/index.php\/wp-json\/wp\/v2\/pages\/146","targetHints":{"allow":["GET"]}}],"collection":[{"href":"https:\/\/kyodoelectronic.com\/index.php\/wp-json\/wp\/v2\/pages"}],"about":[{"href":"https:\/\/kyodoelectronic.com\/index.php\/wp-json\/wp\/v2\/types\/page"}],"author":[{"embeddable":true,"href":"https:\/\/kyodoelectronic.com\/index.php\/wp-json\/wp\/v2\/users\/1"}],"replies":[{"embeddable":true,"href":"https:\/\/kyodoelectronic.com\/index.php\/wp-json\/wp\/v2\/comments?post=146"}],"version-history":[{"count":2,"href":"https:\/\/kyodoelectronic.com\/index.php\/wp-json\/wp\/v2\/pages\/146\/revisions"}],"predecessor-version":[{"id":204,"href":"https:\/\/kyodoelectronic.com\/index.php\/wp-json\/wp\/v2\/pages\/146\/revisions\/204"}],"up":[{"embeddable":true,"href":"https:\/\/kyodoelectronic.com\/index.php\/wp-json\/wp\/v2\/pages\/43"}],"wp:attachment":[{"href":"https:\/\/kyodoelectronic.com\/index.php\/wp-json\/wp\/v2\/media?parent=146"}],"curies":[{"name":"wp","href":"https:\/\/api.w.org\/{rel}","templated":true}]}}