{"id":143,"date":"2024-09-09T00:24:04","date_gmt":"2024-09-08T21:24:04","guid":{"rendered":"https:\/\/kyodoelectronic.com\/?page_id=143"},"modified":"2024-09-10T15:31:23","modified_gmt":"2024-09-10T12:31:23","slug":"engerek-s70","status":"publish","type":"page","link":"https:\/\/kyodoelectronic.com\/index.php\/tyermal-sistemler\/termal-sistemler\/engerek-s70\/","title":{"rendered":"Engerek S70"},"content":{"rendered":"\n<figure class=\"wp-block-gallery has-nested-images columns-default is-cropped wp-block-gallery-1 is-layout-flex wp-block-gallery-is-layout-flex\">\n<figure class=\"wp-block-image size-large\"><img loading=\"lazy\" decoding=\"async\" width=\"1024\" height=\"362\" data-id=\"194\" src=\"https:\/\/kyodoelectronic.com\/wp-content\/uploads\/2024\/09\/S70-1024x362.png\" alt=\"\" class=\"wp-image-194\" srcset=\"https:\/\/kyodoelectronic.com\/wp-content\/uploads\/2024\/09\/S70-1024x362.png 1024w, https:\/\/kyodoelectronic.com\/wp-content\/uploads\/2024\/09\/S70-300x106.png 300w, https:\/\/kyodoelectronic.com\/wp-content\/uploads\/2024\/09\/S70-768x272.png 768w, https:\/\/kyodoelectronic.com\/wp-content\/uploads\/2024\/09\/S70-990x350.png 990w, https:\/\/kyodoelectronic.com\/wp-content\/uploads\/2024\/09\/S70.png 1201w\" sizes=\"auto, (max-width: 1024px) 100vw, 1024px\" \/><\/figure>\n<\/figure>\n\n\n\n<p>ENGEREK S70 so\u011futmas\u0131z keskin ni\u015fanc\u0131 termal silah d\u00fcrb\u00fcn\u00fc tek ba\u015f\u0131na (stand-alone) kullan\u0131m i\u00e7in tasarlanm\u0131\u015ft\u0131r. Termal silah ni\u015fangah ailesi zay\u0131f g\u00f6r\u00fc\u015f \u015fartlar\u0131nda bile 24 saat devaml\u0131 olarak insan ve ara\u00e7 tespit imkan\u0131na sahip olup, tam karanl\u0131k ve muharebe ortam\u0131nda hedefleri rahatl\u0131kla tespit edebilmektedir.<br>ENGEREK termal silah ni\u015fangahlar\u0131 ailesinin en g\u00fcncel so\u011futmas\u0131z termal kamera teknolojilerine sahip olup, hafif, kompakt ve g\u00fc\u00e7 harcamalar\u0131 d\u00fc\u015f\u00fckt\u00fcr.<\/p>\n\n\n\n<ul class=\"wp-block-list\">\n<li>FOV: 6.4\u00b0 x 5\u00b0<\/li>\n\n\n\n<li>20cm x 8.2cm x 12.5cm<\/li>\n\n\n\n<li>1.2kg<\/li>\n\n\n\n<li>Foto\u011fraf &amp; Video Kay\u0131t<\/li>\n\n\n\n<li>-30\u00b0C ila + 50\u00b0C<\/li>\n\n\n\n<li>Min 5 Renk Paleti<\/li>\n\n\n\n<li>360 min<\/li>\n\n\n\n<li>4X Optik Yak\u0131nla\u015ft\u0131rma<\/li>\n<\/ul>\n","protected":false},"excerpt":{"rendered":"<p>ENGEREK S70 so\u011futmas\u0131z keskin ni\u015fanc\u0131 termal silah d\u00fcrb\u00fcn\u00fc tek ba\u015f\u0131na (stand-alone) kullan\u0131m i\u00e7in tasarlanm\u0131\u015ft\u0131r. Termal silah ni\u015fangah ailesi zay\u0131f g\u00f6r\u00fc\u015f &hellip; <a href=\"https:\/\/kyodoelectronic.com\/index.php\/tyermal-sistemler\/termal-sistemler\/engerek-s70\/\" class=\"more-link\"><span class=\"more-button\">Continue Reading<span class=\"screen-reader-text\">Engerek S70<\/span><\/span><\/a><\/p>\n","protected":false},"author":1,"featured_media":0,"parent":202,"menu_order":29,"comment_status":"closed","ping_status":"closed","template":"","meta":{"footnotes":""},"class_list":["post-143","page","type-page","status-publish","hentry"],"_links":{"self":[{"href":"https:\/\/kyodoelectronic.com\/index.php\/wp-json\/wp\/v2\/pages\/143","targetHints":{"allow":["GET"]}}],"collection":[{"href":"https:\/\/kyodoelectronic.com\/index.php\/wp-json\/wp\/v2\/pages"}],"about":[{"href":"https:\/\/kyodoelectronic.com\/index.php\/wp-json\/wp\/v2\/types\/page"}],"author":[{"embeddable":true,"href":"https:\/\/kyodoelectronic.com\/index.php\/wp-json\/wp\/v2\/users\/1"}],"replies":[{"embeddable":true,"href":"https:\/\/kyodoelectronic.com\/index.php\/wp-json\/wp\/v2\/comments?post=143"}],"version-history":[{"count":2,"href":"https:\/\/kyodoelectronic.com\/index.php\/wp-json\/wp\/v2\/pages\/143\/revisions"}],"predecessor-version":[{"id":195,"href":"https:\/\/kyodoelectronic.com\/index.php\/wp-json\/wp\/v2\/pages\/143\/revisions\/195"}],"up":[{"embeddable":true,"href":"https:\/\/kyodoelectronic.com\/index.php\/wp-json\/wp\/v2\/pages\/202"}],"wp:attachment":[{"href":"https:\/\/kyodoelectronic.com\/index.php\/wp-json\/wp\/v2\/media?parent=143"}],"curies":[{"name":"wp","href":"https:\/\/api.w.org\/{rel}","templated":true}]}}