{"id":142,"date":"2024-09-09T00:02:56","date_gmt":"2024-09-08T21:02:56","guid":{"rendered":"https:\/\/kyodoelectronic.com\/?page_id=142"},"modified":"2024-09-10T15:31:23","modified_gmt":"2024-09-10T12:31:23","slug":"engerek-s48","status":"publish","type":"page","link":"https:\/\/kyodoelectronic.com\/index.php\/tyermal-sistemler\/termal-sistemler\/engerek-s48\/","title":{"rendered":"Engerek S48"},"content":{"rendered":"\n<figure class=\"wp-block-gallery has-nested-images columns-default is-cropped wp-block-gallery-1 is-layout-flex wp-block-gallery-is-layout-flex\">\n<figure class=\"wp-block-image size-large\"><img loading=\"lazy\" decoding=\"async\" width=\"1024\" height=\"362\" data-id=\"186\" src=\"https:\/\/kyodoelectronic.com\/wp-content\/uploads\/2024\/09\/s48-1024x362.png\" alt=\"\" class=\"wp-image-186\" srcset=\"https:\/\/kyodoelectronic.com\/wp-content\/uploads\/2024\/09\/s48-1024x362.png 1024w, https:\/\/kyodoelectronic.com\/wp-content\/uploads\/2024\/09\/s48-300x106.png 300w, https:\/\/kyodoelectronic.com\/wp-content\/uploads\/2024\/09\/s48-768x272.png 768w, https:\/\/kyodoelectronic.com\/wp-content\/uploads\/2024\/09\/s48-990x350.png 990w, https:\/\/kyodoelectronic.com\/wp-content\/uploads\/2024\/09\/s48.png 1201w\" sizes=\"auto, (max-width: 1024px) 100vw, 1024px\" \/><\/figure>\n<\/figure>\n\n\n\n<p>ENGEREK S48 Termal silah d\u00fcrb\u00fcn\u00fc, zay\u0131f g\u00f6r\u00fc\u015f \u015fartlar\u0131nda bile 24 saat devaml\u0131 olarak insan ve ara\u00e7 tespit imkan\u0131na sahip olup tam karanl\u0131k ve muharebe ortam\u0131nda hedefleri rahatl\u0131kla tespit<br>edebilmektedir.<br>ENGEREK Termal Silah Ni\u015fangahlar\u0131 ailesi en g\u00fcncel so\u011futmas\u0131z termal kamera teknolojilerine sahip olup, hafif, kompakt ve g\u00fc\u00e7 harcamalar\u0131 d\u00fc\u015f\u00fckt\u00fcr.<\/p>\n\n\n\n<ul class=\"wp-block-list\">\n<li>FOV: 9\u00b0 x 7\u00b0<\/li>\n\n\n\n<li>850 g<\/li>\n\n\n\n<li>-30\u00b0C to + 50\u00b0C<\/li>\n\n\n\n<li>Min 5 Color Palette<\/li>\n\n\n\n<li>360 min<\/li>\n\n\n\n<li>3X Optical Magnification<\/li>\n<\/ul>\n","protected":false},"excerpt":{"rendered":"<p>ENGEREK S48 Termal silah d\u00fcrb\u00fcn\u00fc, zay\u0131f g\u00f6r\u00fc\u015f \u015fartlar\u0131nda bile 24 saat devaml\u0131 olarak insan ve ara\u00e7 tespit imkan\u0131na sahip olup &hellip; <a href=\"https:\/\/kyodoelectronic.com\/index.php\/tyermal-sistemler\/termal-sistemler\/engerek-s48\/\" class=\"more-link\"><span class=\"more-button\">Continue Reading<span class=\"screen-reader-text\">Engerek S48<\/span><\/span><\/a><\/p>\n","protected":false},"author":1,"featured_media":0,"parent":202,"menu_order":28,"comment_status":"closed","ping_status":"closed","template":"","meta":{"footnotes":""},"class_list":["post-142","page","type-page","status-publish","hentry"],"_links":{"self":[{"href":"https:\/\/kyodoelectronic.com\/index.php\/wp-json\/wp\/v2\/pages\/142","targetHints":{"allow":["GET"]}}],"collection":[{"href":"https:\/\/kyodoelectronic.com\/index.php\/wp-json\/wp\/v2\/pages"}],"about":[{"href":"https:\/\/kyodoelectronic.com\/index.php\/wp-json\/wp\/v2\/types\/page"}],"author":[{"embeddable":true,"href":"https:\/\/kyodoelectronic.com\/index.php\/wp-json\/wp\/v2\/users\/1"}],"replies":[{"embeddable":true,"href":"https:\/\/kyodoelectronic.com\/index.php\/wp-json\/wp\/v2\/comments?post=142"}],"version-history":[{"count":2,"href":"https:\/\/kyodoelectronic.com\/index.php\/wp-json\/wp\/v2\/pages\/142\/revisions"}],"predecessor-version":[{"id":187,"href":"https:\/\/kyodoelectronic.com\/index.php\/wp-json\/wp\/v2\/pages\/142\/revisions\/187"}],"up":[{"embeddable":true,"href":"https:\/\/kyodoelectronic.com\/index.php\/wp-json\/wp\/v2\/pages\/202"}],"wp:attachment":[{"href":"https:\/\/kyodoelectronic.com\/index.php\/wp-json\/wp\/v2\/media?parent=142"}],"curies":[{"name":"wp","href":"https:\/\/api.w.org\/{rel}","templated":true}]}}