{"id":139,"date":"2024-09-08T22:12:44","date_gmt":"2024-09-08T19:12:44","guid":{"rendered":"https:\/\/kyodoelectronic.com\/?page_id=139"},"modified":"2024-09-10T15:31:23","modified_gmt":"2024-09-10T12:31:23","slug":"engerek-c88","status":"publish","type":"page","link":"https:\/\/kyodoelectronic.com\/index.php\/tyermal-sistemler\/termal-sistemler\/engerek-c88\/","title":{"rendered":"Engerek C88"},"content":{"rendered":"\n<figure class=\"wp-block-gallery has-nested-images columns-default is-cropped wp-block-gallery-1 is-layout-flex wp-block-gallery-is-layout-flex\">\n<figure class=\"wp-block-image size-large\"><img loading=\"lazy\" decoding=\"async\" width=\"1024\" height=\"362\" data-id=\"176\" src=\"https:\/\/kyodoelectronic.com\/wp-content\/uploads\/2024\/09\/C88-1024x362.png\" alt=\"\" class=\"wp-image-176\" srcset=\"https:\/\/kyodoelectronic.com\/wp-content\/uploads\/2024\/09\/C88-1024x362.png 1024w, https:\/\/kyodoelectronic.com\/wp-content\/uploads\/2024\/09\/C88-300x106.png 300w, https:\/\/kyodoelectronic.com\/wp-content\/uploads\/2024\/09\/C88-768x272.png 768w, https:\/\/kyodoelectronic.com\/wp-content\/uploads\/2024\/09\/C88-990x350.png 990w, https:\/\/kyodoelectronic.com\/wp-content\/uploads\/2024\/09\/C88.png 1201w\" sizes=\"auto, (max-width: 1024px) 100vw, 1024px\" \/><\/figure>\n<\/figure>\n\n\n\n<p>ENGEREK\u00ae Termal silah d\u00fcrb\u00fcn ailesi zay\u0131f g\u00f6r\u00fc\u015f \u015fartlar\u0131nda bile 24 saat devaml\u0131 olarak insan ve ara\u00e7 tespit imkan\u0131na sahip olup, gece g\u00f6r\u00fc\u015f cihazlar\u0131n\u0131n aksine tam karanl\u0131k ve muharebe ortam\u0131nda hedefleri rahatl\u0131kla tespit edebilmektedir.<br>\u00dcr\u00fcnlerin tamam\u0131 en g\u00fcncel so\u011futmas\u0131z termal kamera teknolojilerine sahip olup, hafif, kompakt ve g\u00fc\u00e7 harcamalar\u0131 d\u00fc\u015f\u00fckt\u00fcr.<\/p>\n\n\n\n<ul class=\"wp-block-list\">\n<li>FOV: 5.2\u00b0<\/li>\n\n\n\n<li>Foto\u011fraf &amp; Video Kay\u0131t<\/li>\n\n\n\n<li>-30\u00b0C ila + 50\u00b0C<\/li>\n\n\n\n<li>Min 5 Renk Paleti<\/li>\n\n\n\n<li>360 dk<\/li>\n\n\n\n<li>8X Dijital Yak\u0131nla\u015ft\u0131rma<\/li>\n<\/ul>\n","protected":false},"excerpt":{"rendered":"<p>ENGEREK\u00ae Termal silah d\u00fcrb\u00fcn ailesi zay\u0131f g\u00f6r\u00fc\u015f \u015fartlar\u0131nda bile 24 saat devaml\u0131 olarak insan ve ara\u00e7 tespit imkan\u0131na sahip olup, &hellip; <a href=\"https:\/\/kyodoelectronic.com\/index.php\/tyermal-sistemler\/termal-sistemler\/engerek-c88\/\" class=\"more-link\"><span class=\"more-button\">Continue Reading<span class=\"screen-reader-text\">Engerek C88<\/span><\/span><\/a><\/p>\n","protected":false},"author":1,"featured_media":0,"parent":202,"menu_order":25,"comment_status":"closed","ping_status":"closed","template":"","meta":{"footnotes":""},"class_list":["post-139","page","type-page","status-publish","hentry"],"_links":{"self":[{"href":"https:\/\/kyodoelectronic.com\/index.php\/wp-json\/wp\/v2\/pages\/139","targetHints":{"allow":["GET"]}}],"collection":[{"href":"https:\/\/kyodoelectronic.com\/index.php\/wp-json\/wp\/v2\/pages"}],"about":[{"href":"https:\/\/kyodoelectronic.com\/index.php\/wp-json\/wp\/v2\/types\/page"}],"author":[{"embeddable":true,"href":"https:\/\/kyodoelectronic.com\/index.php\/wp-json\/wp\/v2\/users\/1"}],"replies":[{"embeddable":true,"href":"https:\/\/kyodoelectronic.com\/index.php\/wp-json\/wp\/v2\/comments?post=139"}],"version-history":[{"count":3,"href":"https:\/\/kyodoelectronic.com\/index.php\/wp-json\/wp\/v2\/pages\/139\/revisions"}],"predecessor-version":[{"id":179,"href":"https:\/\/kyodoelectronic.com\/index.php\/wp-json\/wp\/v2\/pages\/139\/revisions\/179"}],"up":[{"embeddable":true,"href":"https:\/\/kyodoelectronic.com\/index.php\/wp-json\/wp\/v2\/pages\/202"}],"wp:attachment":[{"href":"https:\/\/kyodoelectronic.com\/index.php\/wp-json\/wp\/v2\/media?parent=139"}],"curies":[{"name":"wp","href":"https:\/\/api.w.org\/{rel}","templated":true}]}}